{"id":26426,"date":"2025-06-10T15:03:17","date_gmt":"2025-06-10T14:03:17","guid":{"rendered":"https:\/\/marneantic.com\/?post_type=product&#038;p=26426"},"modified":"2025-07-26T16:28:10","modified_gmt":"2025-07-26T15:28:10","slug":"plafonnier-art-deco-en-verrerie-de-clichy","status":"publish","type":"product","link":"https:\/\/marneantic.com\/index.php\/produit\/plafonnier-art-deco-en-verrerie-de-clichy\/","title":{"rendered":"Plafonnier art d\u00e9co en verrerie de Clichy"},"content":{"rendered":"","protected":false},"excerpt":{"rendered":"<p>Plafonnier art d\u00e9co en verrerie de Clichy avec base en aluminium, en tr\u00e8s bon \u00e9tat, \u00e9lectricit\u00e9 refaite, test\u00e9e, fonctionne parfaitement, hauteur totale:16cm, diam\u00e8tre: 27cm, fournie sans ampoule(ba\u00efonnette)<\/p>\n","protected":false},"featured_media":26427,"comment_status":"closed","ping_status":"closed","template":"","meta":{"_et_pb_use_builder":"","_et_pb_old_content":"","_et_gb_content_width":""},"product_cat":[44,24,16,30],"product_tag":[],"_links":{"self":[{"href":"https:\/\/marneantic.com\/index.php\/wp-json\/wp\/v2\/product\/26426"}],"collection":[{"href":"https:\/\/marneantic.com\/index.php\/wp-json\/wp\/v2\/product"}],"about":[{"href":"https:\/\/marneantic.com\/index.php\/wp-json\/wp\/v2\/types\/product"}],"replies":[{"embeddable":true,"href":"https:\/\/marneantic.com\/index.php\/wp-json\/wp\/v2\/comments?post=26426"}],"wp:featuredmedia":[{"embeddable":true,"href":"https:\/\/marneantic.com\/index.php\/wp-json\/wp\/v2\/media\/26427"}],"wp:attachment":[{"href":"https:\/\/marneantic.com\/index.php\/wp-json\/wp\/v2\/media?parent=26426"}],"wp:term":[{"taxonomy":"product_cat","embeddable":true,"href":"https:\/\/marneantic.com\/index.php\/wp-json\/wp\/v2\/product_cat?post=26426"},{"taxonomy":"product_tag","embeddable":true,"href":"https:\/\/marneantic.com\/index.php\/wp-json\/wp\/v2\/product_tag?post=26426"}],"curies":[{"name":"wp","href":"https:\/\/api.w.org\/{rel}","templated":true}]}}