{"id":26431,"date":"2025-06-12T09:57:14","date_gmt":"2025-06-12T08:57:14","guid":{"rendered":"https:\/\/marneantic.com\/?post_type=product&#038;p=26431"},"modified":"2025-06-12T10:04:59","modified_gmt":"2025-06-12T09:04:59","slug":"4-serviettes-a-a-the-anciennes-brodees-monogrammees-28x28cm","status":"publish","type":"product","link":"https:\/\/marneantic.com\/index.php\/produit\/4-serviettes-a-a-the-anciennes-brodees-monogrammees-28x28cm\/","title":{"rendered":"4 serviettes a a th\u00e9 anciennes brod\u00e9es, monogramm\u00e9es 28x28cm"},"content":{"rendered":"","protected":false},"excerpt":{"rendered":"<p><span style=\"font-family: Arial;\">4 serviettes a a th\u00e9 anciennes brod\u00e9es et monogramm\u00e9es LD, en tr\u00e8s bon \u00e9tat, linge lav\u00e9 et repass\u00e9, il peut n\u00e9anmoins subsister des petites taches qui auraient \u00e9chapp\u00e9es a notre lavage., dimensions:28 x28cm<\/span><\/p>\n<div><\/div>\n","protected":false},"featured_media":26432,"comment_status":"open","ping_status":"closed","template":"","meta":{"_et_pb_use_builder":"","_et_pb_old_content":"","_et_gb_content_width":""},"product_cat":[33],"product_tag":[],"_links":{"self":[{"href":"https:\/\/marneantic.com\/index.php\/wp-json\/wp\/v2\/product\/26431"}],"collection":[{"href":"https:\/\/marneantic.com\/index.php\/wp-json\/wp\/v2\/product"}],"about":[{"href":"https:\/\/marneantic.com\/index.php\/wp-json\/wp\/v2\/types\/product"}],"replies":[{"embeddable":true,"href":"https:\/\/marneantic.com\/index.php\/wp-json\/wp\/v2\/comments?post=26431"}],"wp:featuredmedia":[{"embeddable":true,"href":"https:\/\/marneantic.com\/index.php\/wp-json\/wp\/v2\/media\/26432"}],"wp:attachment":[{"href":"https:\/\/marneantic.com\/index.php\/wp-json\/wp\/v2\/media?parent=26431"}],"wp:term":[{"taxonomy":"product_cat","embeddable":true,"href":"https:\/\/marneantic.com\/index.php\/wp-json\/wp\/v2\/product_cat?post=26431"},{"taxonomy":"product_tag","embeddable":true,"href":"https:\/\/marneantic.com\/index.php\/wp-json\/wp\/v2\/product_tag?post=26431"}],"curies":[{"name":"wp","href":"https:\/\/api.w.org\/{rel}","templated":true}]}}