{"id":26440,"date":"2025-06-12T10:38:04","date_gmt":"2025-06-12T09:38:04","guid":{"rendered":"https:\/\/marneantic.com\/?post_type=product&#038;p=26440"},"modified":"2025-06-12T10:52:07","modified_gmt":"2025-06-12T09:52:07","slug":"paire-de-lampes-de-bateaux-anciennes","status":"publish","type":"product","link":"https:\/\/marneantic.com\/index.php\/produit\/paire-de-lampes-de-bateaux-anciennes\/","title":{"rendered":"Paire de lampes de bateaux anciennes"},"content":{"rendered":"","protected":false},"excerpt":{"rendered":"<p>Paire de lampes de bateaux anciennes en cuivre et verre, en bon \u00e9tat(traces d&rsquo;oxydation) \u00e9lectrifi\u00e9es, \u00e9lectricit\u00e9 test\u00e9e, fonctionne parfaitement, hauteur :16cm,largeur.13cm,profondeur au mur:11.5cm, fournie sans ampoule(ba\u00efonnette) avec vis de fixation murale<\/p>\n<p>&nbsp;<\/p>\n","protected":false},"featured_media":26441,"comment_status":"closed","ping_status":"closed","template":"","meta":{"_et_pb_use_builder":"","_et_pb_old_content":"","_et_gb_content_width":""},"product_cat":[24,16],"product_tag":[],"_links":{"self":[{"href":"https:\/\/marneantic.com\/index.php\/wp-json\/wp\/v2\/product\/26440"}],"collection":[{"href":"https:\/\/marneantic.com\/index.php\/wp-json\/wp\/v2\/product"}],"about":[{"href":"https:\/\/marneantic.com\/index.php\/wp-json\/wp\/v2\/types\/product"}],"replies":[{"embeddable":true,"href":"https:\/\/marneantic.com\/index.php\/wp-json\/wp\/v2\/comments?post=26440"}],"wp:featuredmedia":[{"embeddable":true,"href":"https:\/\/marneantic.com\/index.php\/wp-json\/wp\/v2\/media\/26441"}],"wp:attachment":[{"href":"https:\/\/marneantic.com\/index.php\/wp-json\/wp\/v2\/media?parent=26440"}],"wp:term":[{"taxonomy":"product_cat","embeddable":true,"href":"https:\/\/marneantic.com\/index.php\/wp-json\/wp\/v2\/product_cat?post=26440"},{"taxonomy":"product_tag","embeddable":true,"href":"https:\/\/marneantic.com\/index.php\/wp-json\/wp\/v2\/product_tag?post=26440"}],"curies":[{"name":"wp","href":"https:\/\/api.w.org\/{rel}","templated":true}]}}