{"id":26482,"date":"2025-06-17T13:47:36","date_gmt":"2025-06-17T12:47:36","guid":{"rendered":"https:\/\/marneantic.com\/?post_type=product&#038;p=26482"},"modified":"2025-06-17T13:53:56","modified_gmt":"2025-06-17T12:53:56","slug":"petite-pince-a-sucre-ancienne-anglaise-en-metal-argente","status":"publish","type":"product","link":"https:\/\/marneantic.com\/index.php\/produit\/petite-pince-a-sucre-ancienne-anglaise-en-metal-argente\/","title":{"rendered":"Petite pince a sucre ancienne Anglaise en m\u00e9tal argent\u00e9"},"content":{"rendered":"","protected":false},"excerpt":{"rendered":"<p>Petite pince a sucre ancienne Anglaise en m\u00e9tal argent\u00e9 poin\u00e7onn\u00e9, d\u00e9cor pattes de poules, en bon \u00e9tat ,longueur:9cm<\/p>\n","protected":false},"featured_media":26483,"comment_status":"closed","ping_status":"closed","template":"","meta":{"_et_pb_use_builder":"","_et_pb_old_content":"","_et_gb_content_width":""},"product_cat":[12,10,29],"product_tag":[],"_links":{"self":[{"href":"https:\/\/marneantic.com\/index.php\/wp-json\/wp\/v2\/product\/26482"}],"collection":[{"href":"https:\/\/marneantic.com\/index.php\/wp-json\/wp\/v2\/product"}],"about":[{"href":"https:\/\/marneantic.com\/index.php\/wp-json\/wp\/v2\/types\/product"}],"replies":[{"embeddable":true,"href":"https:\/\/marneantic.com\/index.php\/wp-json\/wp\/v2\/comments?post=26482"}],"wp:featuredmedia":[{"embeddable":true,"href":"https:\/\/marneantic.com\/index.php\/wp-json\/wp\/v2\/media\/26483"}],"wp:attachment":[{"href":"https:\/\/marneantic.com\/index.php\/wp-json\/wp\/v2\/media?parent=26482"}],"wp:term":[{"taxonomy":"product_cat","embeddable":true,"href":"https:\/\/marneantic.com\/index.php\/wp-json\/wp\/v2\/product_cat?post=26482"},{"taxonomy":"product_tag","embeddable":true,"href":"https:\/\/marneantic.com\/index.php\/wp-json\/wp\/v2\/product_tag?post=26482"}],"curies":[{"name":"wp","href":"https:\/\/api.w.org\/{rel}","templated":true}]}}