{"id":26487,"date":"2025-06-17T13:55:52","date_gmt":"2025-06-17T12:55:52","guid":{"rendered":"https:\/\/marneantic.com\/?post_type=product&#038;p=26487"},"modified":"2025-09-29T07:48:56","modified_gmt":"2025-09-29T06:48:56","slug":"coquetier-ancien-en-metal-argente-8","status":"publish","type":"product","link":"https:\/\/marneantic.com\/index.php\/produit\/coquetier-ancien-en-metal-argente-8\/","title":{"rendered":"Coquetier ancien en m\u00e9tal argent\u00e9"},"content":{"rendered":"","protected":false},"excerpt":{"rendered":"<p>Coquetier ancien en m\u00e9tal argent\u00e9 poin\u00e7onn\u00e9, en tr\u00e8s bon \u00e9tat, diam\u00e8tre: 4.2cm,hauteur: 4.4cm<\/p>\n","protected":false},"featured_media":26488,"comment_status":"closed","ping_status":"closed","template":"","meta":{"_et_pb_use_builder":"","_et_pb_old_content":"","_et_gb_content_width":""},"product_cat":[13,12,10,30],"product_tag":[],"_links":{"self":[{"href":"https:\/\/marneantic.com\/index.php\/wp-json\/wp\/v2\/product\/26487"}],"collection":[{"href":"https:\/\/marneantic.com\/index.php\/wp-json\/wp\/v2\/product"}],"about":[{"href":"https:\/\/marneantic.com\/index.php\/wp-json\/wp\/v2\/types\/product"}],"replies":[{"embeddable":true,"href":"https:\/\/marneantic.com\/index.php\/wp-json\/wp\/v2\/comments?post=26487"}],"wp:featuredmedia":[{"embeddable":true,"href":"https:\/\/marneantic.com\/index.php\/wp-json\/wp\/v2\/media\/26488"}],"wp:attachment":[{"href":"https:\/\/marneantic.com\/index.php\/wp-json\/wp\/v2\/media?parent=26487"}],"wp:term":[{"taxonomy":"product_cat","embeddable":true,"href":"https:\/\/marneantic.com\/index.php\/wp-json\/wp\/v2\/product_cat?post=26487"},{"taxonomy":"product_tag","embeddable":true,"href":"https:\/\/marneantic.com\/index.php\/wp-json\/wp\/v2\/product_tag?post=26487"}],"curies":[{"name":"wp","href":"https:\/\/api.w.org\/{rel}","templated":true}]}}