{"id":26492,"date":"2025-06-17T14:02:37","date_gmt":"2025-06-17T13:02:37","guid":{"rendered":"https:\/\/marneantic.com\/?post_type=product&#038;p=26492"},"modified":"2025-10-31T16:57:08","modified_gmt":"2025-10-31T15:57:08","slug":"flacon-ancien-en-verre-decor-dore","status":"publish","type":"product","link":"https:\/\/marneantic.com\/index.php\/produit\/flacon-ancien-en-verre-decor-dore\/","title":{"rendered":"Flacon ancien en verre, d\u00e9cor dor\u00e9"},"content":{"rendered":"","protected":false},"excerpt":{"rendered":"<p>Grand flacon ancien en verre a d\u00e9cor dor\u00e9 de feuillages et n\u0153uds, bouchon en laiton, en tr\u00e8s bon \u00e9tat sans \u00e9clats(traces de d\u00e9p\u00f4t en fond de r\u00e9cipient), bouchon d&rsquo;origine , hauteur totale:14.5cm, largeur: 10cm, profondeur: 5.2cm<\/p>\n","protected":false},"featured_media":26493,"comment_status":"closed","ping_status":"closed","template":"","meta":{"_et_pb_use_builder":"","_et_pb_old_content":"","_et_gb_content_width":""},"product_cat":[14,8,30],"product_tag":[],"_links":{"self":[{"href":"https:\/\/marneantic.com\/index.php\/wp-json\/wp\/v2\/product\/26492"}],"collection":[{"href":"https:\/\/marneantic.com\/index.php\/wp-json\/wp\/v2\/product"}],"about":[{"href":"https:\/\/marneantic.com\/index.php\/wp-json\/wp\/v2\/types\/product"}],"replies":[{"embeddable":true,"href":"https:\/\/marneantic.com\/index.php\/wp-json\/wp\/v2\/comments?post=26492"}],"wp:featuredmedia":[{"embeddable":true,"href":"https:\/\/marneantic.com\/index.php\/wp-json\/wp\/v2\/media\/26493"}],"wp:attachment":[{"href":"https:\/\/marneantic.com\/index.php\/wp-json\/wp\/v2\/media?parent=26492"}],"wp:term":[{"taxonomy":"product_cat","embeddable":true,"href":"https:\/\/marneantic.com\/index.php\/wp-json\/wp\/v2\/product_cat?post=26492"},{"taxonomy":"product_tag","embeddable":true,"href":"https:\/\/marneantic.com\/index.php\/wp-json\/wp\/v2\/product_tag?post=26492"}],"curies":[{"name":"wp","href":"https:\/\/api.w.org\/{rel}","templated":true}]}}