{"id":26502,"date":"2025-06-18T15:43:33","date_gmt":"2025-06-18T14:43:33","guid":{"rendered":"https:\/\/marneantic.com\/?post_type=product&#038;p=26502"},"modified":"2025-07-31T09:29:08","modified_gmt":"2025-07-31T08:29:08","slug":"manche-pince-a-gigot-ancien-metal-argente-et-acier-2","status":"publish","type":"product","link":"https:\/\/marneantic.com\/index.php\/produit\/manche-pince-a-gigot-ancien-metal-argente-et-acier-2\/","title":{"rendered":"Manche\/pince \u00e0 gigot ancien, m\u00e9tal argent\u00e9 et acier"},"content":{"rendered":"","protected":false},"excerpt":{"rendered":"<p>manche\/pince \u00e0 gigot ancien, manche en m\u00e9tal argent\u00e9 et pince en acier, en bon \u00e9tat<\/p>\n<div>longueur:21.7cm<\/div>\n","protected":false},"featured_media":26503,"comment_status":"closed","ping_status":"closed","template":"","meta":{"_et_pb_use_builder":"","_et_pb_old_content":"","_et_gb_content_width":""},"product_cat":[13,10,29,30],"product_tag":[],"_links":{"self":[{"href":"https:\/\/marneantic.com\/index.php\/wp-json\/wp\/v2\/product\/26502"}],"collection":[{"href":"https:\/\/marneantic.com\/index.php\/wp-json\/wp\/v2\/product"}],"about":[{"href":"https:\/\/marneantic.com\/index.php\/wp-json\/wp\/v2\/types\/product"}],"replies":[{"embeddable":true,"href":"https:\/\/marneantic.com\/index.php\/wp-json\/wp\/v2\/comments?post=26502"}],"wp:featuredmedia":[{"embeddable":true,"href":"https:\/\/marneantic.com\/index.php\/wp-json\/wp\/v2\/media\/26503"}],"wp:attachment":[{"href":"https:\/\/marneantic.com\/index.php\/wp-json\/wp\/v2\/media?parent=26502"}],"wp:term":[{"taxonomy":"product_cat","embeddable":true,"href":"https:\/\/marneantic.com\/index.php\/wp-json\/wp\/v2\/product_cat?post=26502"},{"taxonomy":"product_tag","embeddable":true,"href":"https:\/\/marneantic.com\/index.php\/wp-json\/wp\/v2\/product_tag?post=26502"}],"curies":[{"name":"wp","href":"https:\/\/api.w.org\/{rel}","templated":true}]}}