{"id":26513,"date":"2025-06-22T09:58:14","date_gmt":"2025-06-22T08:58:14","guid":{"rendered":"https:\/\/marneantic.com\/?post_type=product&#038;p=26513"},"modified":"2025-06-22T10:03:01","modified_gmt":"2025-06-22T09:03:01","slug":"rond-de-serviette-ancien-en-metal-argente-2","status":"publish","type":"product","link":"https:\/\/marneantic.com\/index.php\/produit\/rond-de-serviette-ancien-en-metal-argente-2\/","title":{"rendered":"Rond de serviette ancien en m\u00e9tal argent\u00e9"},"content":{"rendered":"","protected":false},"excerpt":{"rendered":"<p>Rond de serviette ancien en m\u00e9tal argent\u00e9 poin\u00e7onn\u00e9, en tr\u00e8s bon \u00e9tat, diametre:4.5cm, hauteur:3.1cm<\/p>\n","protected":false},"featured_media":26515,"comment_status":"closed","ping_status":"closed","template":"","meta":{"_et_pb_use_builder":"","_et_pb_old_content":"","_et_gb_content_width":""},"product_cat":[13,12,10],"product_tag":[],"_links":{"self":[{"href":"https:\/\/marneantic.com\/index.php\/wp-json\/wp\/v2\/product\/26513"}],"collection":[{"href":"https:\/\/marneantic.com\/index.php\/wp-json\/wp\/v2\/product"}],"about":[{"href":"https:\/\/marneantic.com\/index.php\/wp-json\/wp\/v2\/types\/product"}],"replies":[{"embeddable":true,"href":"https:\/\/marneantic.com\/index.php\/wp-json\/wp\/v2\/comments?post=26513"}],"wp:featuredmedia":[{"embeddable":true,"href":"https:\/\/marneantic.com\/index.php\/wp-json\/wp\/v2\/media\/26515"}],"wp:attachment":[{"href":"https:\/\/marneantic.com\/index.php\/wp-json\/wp\/v2\/media?parent=26513"}],"wp:term":[{"taxonomy":"product_cat","embeddable":true,"href":"https:\/\/marneantic.com\/index.php\/wp-json\/wp\/v2\/product_cat?post=26513"},{"taxonomy":"product_tag","embeddable":true,"href":"https:\/\/marneantic.com\/index.php\/wp-json\/wp\/v2\/product_tag?post=26513"}],"curies":[{"name":"wp","href":"https:\/\/api.w.org\/{rel}","templated":true}]}}