{"id":26531,"date":"2025-06-24T13:43:22","date_gmt":"2025-06-24T12:43:22","guid":{"rendered":"https:\/\/marneantic.com\/?post_type=product&#038;p=26531"},"modified":"2025-06-24T14:19:01","modified_gmt":"2025-06-24T13:19:01","slug":"lampe-vintage-annees-50-60-en-metal-chrome-et-opaline","status":"publish","type":"product","link":"https:\/\/marneantic.com\/index.php\/produit\/lampe-vintage-annees-50-60-en-metal-chrome-et-opaline\/","title":{"rendered":"Lampe vintage ann\u00e9es 50\/60&prime; en m\u00e9tal chrom\u00e9 et opaline"},"content":{"rendered":"","protected":false},"excerpt":{"rendered":"<p><b>Lampe vintage ann\u00e9es 50\/60&prime; en m\u00e9tal chrom\u00e9 et opaline, socle en bois avec interrupteur, d\u00e9 a jouer et tiges chrom\u00e9, tulipes en opaline en tr\u00e8s bon \u00e9tat, fonctionne parfaitement<\/b><\/p>\n<div><b>douille ba\u00efonnette<\/b><\/div>\n<div><b>fournie sans ampoule<\/b><\/div>\n<div><b>hauteur totale: 39.5cm<\/b><\/div>\n<div><b>largeur: 30cm<\/b><\/div>\n","protected":false},"featured_media":26532,"comment_status":"open","ping_status":"closed","template":"","meta":{"_et_pb_use_builder":"","_et_pb_old_content":"","_et_gb_content_width":""},"product_cat":[24,16],"product_tag":[],"_links":{"self":[{"href":"https:\/\/marneantic.com\/index.php\/wp-json\/wp\/v2\/product\/26531"}],"collection":[{"href":"https:\/\/marneantic.com\/index.php\/wp-json\/wp\/v2\/product"}],"about":[{"href":"https:\/\/marneantic.com\/index.php\/wp-json\/wp\/v2\/types\/product"}],"replies":[{"embeddable":true,"href":"https:\/\/marneantic.com\/index.php\/wp-json\/wp\/v2\/comments?post=26531"}],"wp:featuredmedia":[{"embeddable":true,"href":"https:\/\/marneantic.com\/index.php\/wp-json\/wp\/v2\/media\/26532"}],"wp:attachment":[{"href":"https:\/\/marneantic.com\/index.php\/wp-json\/wp\/v2\/media?parent=26531"}],"wp:term":[{"taxonomy":"product_cat","embeddable":true,"href":"https:\/\/marneantic.com\/index.php\/wp-json\/wp\/v2\/product_cat?post=26531"},{"taxonomy":"product_tag","embeddable":true,"href":"https:\/\/marneantic.com\/index.php\/wp-json\/wp\/v2\/product_tag?post=26531"}],"curies":[{"name":"wp","href":"https:\/\/api.w.org\/{rel}","templated":true}]}}