{"id":26538,"date":"2025-06-24T14:20:28","date_gmt":"2025-06-24T13:20:28","guid":{"rendered":"https:\/\/marneantic.com\/?post_type=product&#038;p=26538"},"modified":"2025-08-01T12:15:46","modified_gmt":"2025-08-01T11:15:46","slug":"paire-de-petites-gravures-anciennes-scenes-frivoles","status":"publish","type":"product","link":"https:\/\/marneantic.com\/index.php\/produit\/paire-de-petites-gravures-anciennes-scenes-frivoles\/","title":{"rendered":"Paire de petites gravures anciennes &#8211; sc\u00e8nes frivoles"},"content":{"rendered":"","protected":false},"excerpt":{"rendered":"<p><strong><span style=\"font-family: Arial; font-size: large;\">Paire de petites gravures anciennes encadr\u00e9es &#8211; sc\u00e8nes frivoles intitul\u00e9es \u00ab\u00a0la douce r\u00e9sistance\u00a0\u00bb et \u00ab\u00a0le mod\u00e8le dispos\u00e9\u00a0\u00bb\u00a0 dans le gout du 18eme<\/span><\/strong><\/p>\n<div><strong><span style=\"font-family: Arial; font-size: large;\">cadre en bois et stuc dor\u00e9<\/span><\/strong><\/div>\n<div><strong><span style=\"font-family: Arial; font-size: large;\">parfait \u00e9tat<\/span><\/strong><\/div>\n<div><strong><span style=\"font-family: Arial; font-size: large;\">diam\u00e8tre total: 15cm<\/span><\/strong><\/div>\n","protected":false},"featured_media":26539,"comment_status":"open","ping_status":"closed","template":"","meta":{"_et_pb_use_builder":"","_et_pb_old_content":"","_et_gb_content_width":""},"product_cat":[47,30],"product_tag":[],"_links":{"self":[{"href":"https:\/\/marneantic.com\/index.php\/wp-json\/wp\/v2\/product\/26538"}],"collection":[{"href":"https:\/\/marneantic.com\/index.php\/wp-json\/wp\/v2\/product"}],"about":[{"href":"https:\/\/marneantic.com\/index.php\/wp-json\/wp\/v2\/types\/product"}],"replies":[{"embeddable":true,"href":"https:\/\/marneantic.com\/index.php\/wp-json\/wp\/v2\/comments?post=26538"}],"wp:featuredmedia":[{"embeddable":true,"href":"https:\/\/marneantic.com\/index.php\/wp-json\/wp\/v2\/media\/26539"}],"wp:attachment":[{"href":"https:\/\/marneantic.com\/index.php\/wp-json\/wp\/v2\/media?parent=26538"}],"wp:term":[{"taxonomy":"product_cat","embeddable":true,"href":"https:\/\/marneantic.com\/index.php\/wp-json\/wp\/v2\/product_cat?post=26538"},{"taxonomy":"product_tag","embeddable":true,"href":"https:\/\/marneantic.com\/index.php\/wp-json\/wp\/v2\/product_tag?post=26538"}],"curies":[{"name":"wp","href":"https:\/\/api.w.org\/{rel}","templated":true}]}}