{"id":26547,"date":"2025-07-10T16:00:01","date_gmt":"2025-07-10T15:00:01","guid":{"rendered":"https:\/\/marneantic.com\/?post_type=product&#038;p=26547"},"modified":"2025-08-09T08:28:40","modified_gmt":"2025-08-09T07:28:40","slug":"lot-de-4-chaises-decole-anciennes","status":"publish","type":"product","link":"https:\/\/marneantic.com\/index.php\/produit\/lot-de-4-chaises-decole-anciennes\/","title":{"rendered":"Lot de 4 chaises d&rsquo;\u00e9cole anciennes"},"content":{"rendered":"","protected":false},"excerpt":{"rendered":"<p>lot de 4 de chaises d&rsquo;\u00e9cole anciennes en m\u00e9tal et bois, empilables, en tr\u00e8s bon \u00e9tat, traces d&rsquo;usage<br \/>\nhauteur dossier:80cm<br \/>\nhauteur assise:45cm<br \/>\nlargeur:40m<br \/>\nprofondeur:35cm<\/p>\n<p>pas d&rsquo;exp\u00e9dition postale pour cet article, remise en main propre domicile ou livraison possible en r\u00e9gion parisienne(conditions sur demande)<\/p>\n<p>Les produits propos\u00e9s dans notre boutique sont anciens, ils peuvent pr\u00e9sent\u00e9s des traces d\u2019usure, d&rsquo;usage ou rayures qui donnent au produit son caract\u00e8re et son authenticit\u00e9, ils sont pr\u00e9sent\u00e9s au mieux dans la description, \u00e0 travers photos et textes, merci de bien les regarder.<br \/>\nLes livraisons assur\u00e9es par nos soins se feront uniquement le samedi matin pour Paris et la petite couronne<\/p>\n","protected":false},"featured_media":26549,"comment_status":"open","ping_status":"closed","template":"","meta":{"_et_pb_use_builder":"","_et_pb_old_content":"","_et_gb_content_width":""},"product_cat":[31,16,30],"product_tag":[],"_links":{"self":[{"href":"https:\/\/marneantic.com\/index.php\/wp-json\/wp\/v2\/product\/26547"}],"collection":[{"href":"https:\/\/marneantic.com\/index.php\/wp-json\/wp\/v2\/product"}],"about":[{"href":"https:\/\/marneantic.com\/index.php\/wp-json\/wp\/v2\/types\/product"}],"replies":[{"embeddable":true,"href":"https:\/\/marneantic.com\/index.php\/wp-json\/wp\/v2\/comments?post=26547"}],"wp:featuredmedia":[{"embeddable":true,"href":"https:\/\/marneantic.com\/index.php\/wp-json\/wp\/v2\/media\/26549"}],"wp:attachment":[{"href":"https:\/\/marneantic.com\/index.php\/wp-json\/wp\/v2\/media?parent=26547"}],"wp:term":[{"taxonomy":"product_cat","embeddable":true,"href":"https:\/\/marneantic.com\/index.php\/wp-json\/wp\/v2\/product_cat?post=26547"},{"taxonomy":"product_tag","embeddable":true,"href":"https:\/\/marneantic.com\/index.php\/wp-json\/wp\/v2\/product_tag?post=26547"}],"curies":[{"name":"wp","href":"https:\/\/api.w.org\/{rel}","templated":true}]}}