{"id":26597,"date":"2025-07-20T15:11:06","date_gmt":"2025-07-20T14:11:06","guid":{"rendered":"https:\/\/marneantic.com\/?post_type=product&#038;p=26597"},"modified":"2025-07-21T07:32:44","modified_gmt":"2025-07-21T06:32:44","slug":"christofle-pelle-a-gateau-tarte-en-metal-argente-modele-spatours","status":"publish","type":"product","link":"https:\/\/marneantic.com\/index.php\/produit\/christofle-pelle-a-gateau-tarte-en-metal-argente-modele-spatours\/","title":{"rendered":"CHRISTOFLE &#8211; Pelle \u00e0 g\u00e2teau\/tarte en m\u00e9tal argent\u00e9 mod\u00e8le SPATOURS"},"content":{"rendered":"","protected":false},"excerpt":{"rendered":"<p><span style=\"font-family: Arial;\">CHRISTOFLE &#8211; Pelle \u00e0 g\u00e2teau\/tarte en m\u00e9tal argent\u00e9 mod\u00e8le SPATOURS<\/span><\/p>\n<div><span style=\"font-family: Arial;\">bon \u00e9tat, traces d&rsquo;usage<\/span><\/div>\n<div><span style=\"font-family: Arial;\">longueur: 26cm<\/span><\/div>\n<div><span style=\"font-family: Arial;\">avec boite d&rsquo;origine (traces d&rsquo;usage)<\/span><\/div>\n","protected":false},"featured_media":26598,"comment_status":"closed","ping_status":"closed","template":"","meta":{"_et_pb_use_builder":"","_et_pb_old_content":"","_et_gb_content_width":""},"product_cat":[13,10,29,30],"product_tag":[],"_links":{"self":[{"href":"https:\/\/marneantic.com\/index.php\/wp-json\/wp\/v2\/product\/26597"}],"collection":[{"href":"https:\/\/marneantic.com\/index.php\/wp-json\/wp\/v2\/product"}],"about":[{"href":"https:\/\/marneantic.com\/index.php\/wp-json\/wp\/v2\/types\/product"}],"replies":[{"embeddable":true,"href":"https:\/\/marneantic.com\/index.php\/wp-json\/wp\/v2\/comments?post=26597"}],"wp:featuredmedia":[{"embeddable":true,"href":"https:\/\/marneantic.com\/index.php\/wp-json\/wp\/v2\/media\/26598"}],"wp:attachment":[{"href":"https:\/\/marneantic.com\/index.php\/wp-json\/wp\/v2\/media?parent=26597"}],"wp:term":[{"taxonomy":"product_cat","embeddable":true,"href":"https:\/\/marneantic.com\/index.php\/wp-json\/wp\/v2\/product_cat?post=26597"},{"taxonomy":"product_tag","embeddable":true,"href":"https:\/\/marneantic.com\/index.php\/wp-json\/wp\/v2\/product_tag?post=26597"}],"curies":[{"name":"wp","href":"https:\/\/api.w.org\/{rel}","templated":true}]}}