{"id":26605,"date":"2025-07-20T15:37:43","date_gmt":"2025-07-20T14:37:43","guid":{"rendered":"https:\/\/marneantic.com\/?post_type=product&#038;p=26605"},"modified":"2025-11-04T08:22:35","modified_gmt":"2025-11-04T07:22:35","slug":"boite-ancienne-en-porcelaine-peinte-monture-bronze","status":"publish","type":"product","link":"https:\/\/marneantic.com\/index.php\/produit\/boite-ancienne-en-porcelaine-peinte-monture-bronze\/","title":{"rendered":"Boite ancienne en porcelaine peinte, monture bronze"},"content":{"rendered":"","protected":false},"excerpt":{"rendered":"<p><strong><span style=\"font-family: Arial; font-size: large;\">Boite ancienne en porcelaine peinte a d\u00e9cor d&rsquo;oiseau et v\u00e9g\u00e9taux, monture en bronze et miroir biseaut\u00e9 sur le dessus<\/span><\/strong><\/p>\n<div><strong><span style=\"font-family: Arial; font-size: large;\">fin 19eme<\/span><\/strong><\/div>\n<div><strong><span style=\"font-family: Arial; font-size: large;\">tr\u00e8s bon \u00e9tat<\/span><\/strong><\/div>\n<div><strong><span style=\"font-family: Arial; font-size: large;\">diam\u00e8tre: 7cm<\/span><\/strong><\/div>\n<div><strong><span style=\"font-family: Arial; font-size: large;\">hauteur: 6.5cm<\/span><\/strong><\/div>\n","protected":false},"featured_media":26606,"comment_status":"open","ping_status":"closed","template":"","meta":{"_et_pb_use_builder":"","_et_pb_old_content":"","_et_gb_content_width":""},"product_cat":[14,8,30],"product_tag":[],"_links":{"self":[{"href":"https:\/\/marneantic.com\/index.php\/wp-json\/wp\/v2\/product\/26605"}],"collection":[{"href":"https:\/\/marneantic.com\/index.php\/wp-json\/wp\/v2\/product"}],"about":[{"href":"https:\/\/marneantic.com\/index.php\/wp-json\/wp\/v2\/types\/product"}],"replies":[{"embeddable":true,"href":"https:\/\/marneantic.com\/index.php\/wp-json\/wp\/v2\/comments?post=26605"}],"wp:featuredmedia":[{"embeddable":true,"href":"https:\/\/marneantic.com\/index.php\/wp-json\/wp\/v2\/media\/26606"}],"wp:attachment":[{"href":"https:\/\/marneantic.com\/index.php\/wp-json\/wp\/v2\/media?parent=26605"}],"wp:term":[{"taxonomy":"product_cat","embeddable":true,"href":"https:\/\/marneantic.com\/index.php\/wp-json\/wp\/v2\/product_cat?post=26605"},{"taxonomy":"product_tag","embeddable":true,"href":"https:\/\/marneantic.com\/index.php\/wp-json\/wp\/v2\/product_tag?post=26605"}],"curies":[{"name":"wp","href":"https:\/\/api.w.org\/{rel}","templated":true}]}}