{"id":26622,"date":"2025-07-22T14:30:41","date_gmt":"2025-07-22T13:30:41","guid":{"rendered":"https:\/\/marneantic.com\/?post_type=product&#038;p=26622"},"modified":"2025-07-22T14:32:33","modified_gmt":"2025-07-22T13:32:33","slug":"aquarelle-ancienne-signee-e-maudy-un-tetard-enfants-humour-coquin","status":"publish","type":"product","link":"https:\/\/marneantic.com\/index.php\/produit\/aquarelle-ancienne-signee-e-maudy-un-tetard-enfants-humour-coquin\/","title":{"rendered":"Aquarelle ancienne sign\u00e9e  E. MAUDY &#8211; Un t\u00eatard !!! &#8211; enfants humour coquin"},"content":{"rendered":"","protected":false},"excerpt":{"rendered":"<p><strong>Aquarelle ancienne sign\u00e9e\u00a0 E. MAUDY &#8211; Un t\u00eatard !!! &#8211; enfants humour coquin<\/strong><\/p>\n<div><strong>dans le gout de Germaine Bouret<\/strong><\/div>\n<div><strong>bon \u00e9tat, usure des rebords qui peuvent \u00eatre recoup\u00e9s sans r\u00e9duire la partie peinte<\/strong><\/div>\n<div><strong>dimensions: 39.8&#215;29.9cm<\/strong><\/div>\n","protected":false},"featured_media":26623,"comment_status":"open","ping_status":"closed","template":"","meta":{"_et_pb_use_builder":"","_et_pb_old_content":"","_et_gb_content_width":""},"product_cat":[47],"product_tag":[],"_links":{"self":[{"href":"https:\/\/marneantic.com\/index.php\/wp-json\/wp\/v2\/product\/26622"}],"collection":[{"href":"https:\/\/marneantic.com\/index.php\/wp-json\/wp\/v2\/product"}],"about":[{"href":"https:\/\/marneantic.com\/index.php\/wp-json\/wp\/v2\/types\/product"}],"replies":[{"embeddable":true,"href":"https:\/\/marneantic.com\/index.php\/wp-json\/wp\/v2\/comments?post=26622"}],"wp:featuredmedia":[{"embeddable":true,"href":"https:\/\/marneantic.com\/index.php\/wp-json\/wp\/v2\/media\/26623"}],"wp:attachment":[{"href":"https:\/\/marneantic.com\/index.php\/wp-json\/wp\/v2\/media?parent=26622"}],"wp:term":[{"taxonomy":"product_cat","embeddable":true,"href":"https:\/\/marneantic.com\/index.php\/wp-json\/wp\/v2\/product_cat?post=26622"},{"taxonomy":"product_tag","embeddable":true,"href":"https:\/\/marneantic.com\/index.php\/wp-json\/wp\/v2\/product_tag?post=26622"}],"curies":[{"name":"wp","href":"https:\/\/api.w.org\/{rel}","templated":true}]}}