{"id":26653,"date":"2025-07-28T13:15:03","date_gmt":"2025-07-28T12:15:03","guid":{"rendered":"https:\/\/marneantic.com\/?post_type=product&#038;p=26653"},"modified":"2026-03-21T16:23:12","modified_gmt":"2026-03-21T15:23:12","slug":"coquetier-ancien-art-deco-en-metal-argente-et-sa-cuillere","status":"publish","type":"product","link":"https:\/\/marneantic.com\/index.php\/produit\/coquetier-ancien-art-deco-en-metal-argente-et-sa-cuillere\/","title":{"rendered":"Coquetier ancien art deco en m\u00e9tal argent\u00e9 et sa cuill\u00e8re"},"content":{"rendered":"","protected":false},"excerpt":{"rendered":"<p>Coquetier ancien art deco en m\u00e9tal argent\u00e9 et sa cuill\u00e8re assortie, en bon \u00e9tat,diametre:10cm,hauteur:6cm<\/p>\n","protected":false},"featured_media":26654,"comment_status":"closed","ping_status":"closed","template":"","meta":{"_et_pb_use_builder":"","_et_pb_old_content":"","_et_gb_content_width":""},"product_cat":[13,12,10,44,30],"product_tag":[],"_links":{"self":[{"href":"https:\/\/marneantic.com\/index.php\/wp-json\/wp\/v2\/product\/26653"}],"collection":[{"href":"https:\/\/marneantic.com\/index.php\/wp-json\/wp\/v2\/product"}],"about":[{"href":"https:\/\/marneantic.com\/index.php\/wp-json\/wp\/v2\/types\/product"}],"replies":[{"embeddable":true,"href":"https:\/\/marneantic.com\/index.php\/wp-json\/wp\/v2\/comments?post=26653"}],"wp:featuredmedia":[{"embeddable":true,"href":"https:\/\/marneantic.com\/index.php\/wp-json\/wp\/v2\/media\/26654"}],"wp:attachment":[{"href":"https:\/\/marneantic.com\/index.php\/wp-json\/wp\/v2\/media?parent=26653"}],"wp:term":[{"taxonomy":"product_cat","embeddable":true,"href":"https:\/\/marneantic.com\/index.php\/wp-json\/wp\/v2\/product_cat?post=26653"},{"taxonomy":"product_tag","embeddable":true,"href":"https:\/\/marneantic.com\/index.php\/wp-json\/wp\/v2\/product_tag?post=26653"}],"curies":[{"name":"wp","href":"https:\/\/api.w.org\/{rel}","templated":true}]}}