{"id":26675,"date":"2025-08-01T13:40:09","date_gmt":"2025-08-01T12:40:09","guid":{"rendered":"https:\/\/marneantic.com\/?post_type=product&#038;p=26675"},"modified":"2025-08-06T12:23:19","modified_gmt":"2025-08-06T11:23:19","slug":"drap-ancien-en-coton310x200cm-retour-brode-monogramme","status":"publish","type":"product","link":"https:\/\/marneantic.com\/index.php\/produit\/drap-ancien-en-coton310x200cm-retour-brode-monogramme\/","title":{"rendered":"Drap ancien en coton:310x200cm retour brod\u00e9\/monogramm\u00e9"},"content":{"rendered":"","protected":false},"excerpt":{"rendered":"<p>Drap ancien en coton:310x200cm retour brod\u00e9 et monogramme, en tr\u00e8s bon \u00e9tat, linge lav\u00e9, v\u00e9rifi\u00e9 et repass\u00e9, une tache a \u00e9chapp\u00e9e a notre nettoyage<\/p>\n","protected":false},"featured_media":26679,"comment_status":"open","ping_status":"closed","template":"","meta":{"_et_pb_use_builder":"","_et_pb_old_content":"","_et_gb_content_width":""},"product_cat":[33,30],"product_tag":[],"_links":{"self":[{"href":"https:\/\/marneantic.com\/index.php\/wp-json\/wp\/v2\/product\/26675"}],"collection":[{"href":"https:\/\/marneantic.com\/index.php\/wp-json\/wp\/v2\/product"}],"about":[{"href":"https:\/\/marneantic.com\/index.php\/wp-json\/wp\/v2\/types\/product"}],"replies":[{"embeddable":true,"href":"https:\/\/marneantic.com\/index.php\/wp-json\/wp\/v2\/comments?post=26675"}],"wp:featuredmedia":[{"embeddable":true,"href":"https:\/\/marneantic.com\/index.php\/wp-json\/wp\/v2\/media\/26679"}],"wp:attachment":[{"href":"https:\/\/marneantic.com\/index.php\/wp-json\/wp\/v2\/media?parent=26675"}],"wp:term":[{"taxonomy":"product_cat","embeddable":true,"href":"https:\/\/marneantic.com\/index.php\/wp-json\/wp\/v2\/product_cat?post=26675"},{"taxonomy":"product_tag","embeddable":true,"href":"https:\/\/marneantic.com\/index.php\/wp-json\/wp\/v2\/product_tag?post=26675"}],"curies":[{"name":"wp","href":"https:\/\/api.w.org\/{rel}","templated":true}]}}