{"id":26680,"date":"2025-08-01T14:16:52","date_gmt":"2025-08-01T13:16:52","guid":{"rendered":"https:\/\/marneantic.com\/?post_type=product&#038;p=26680"},"modified":"2025-08-01T14:18:36","modified_gmt":"2025-08-01T13:18:36","slug":"broche-ancienne-plaque-or-et-pierres","status":"publish","type":"product","link":"https:\/\/marneantic.com\/index.php\/produit\/broche-ancienne-plaque-or-et-pierres\/","title":{"rendered":"Broche ancienne plaqu\u00e9 or et pierres"},"content":{"rendered":"","protected":false},"excerpt":{"rendered":"<p>Broche ancienne plaqu\u00e9 or et pierres, en bon \u00e9tat<\/p>\n<div>longueur:5.5cm<\/div>\n<div>largeur:2.2cm<\/div>\n","protected":false},"featured_media":26681,"comment_status":"open","ping_status":"closed","template":"","meta":{"_et_pb_use_builder":"","_et_pb_old_content":"","_et_gb_content_width":""},"product_cat":[18],"product_tag":[],"_links":{"self":[{"href":"https:\/\/marneantic.com\/index.php\/wp-json\/wp\/v2\/product\/26680"}],"collection":[{"href":"https:\/\/marneantic.com\/index.php\/wp-json\/wp\/v2\/product"}],"about":[{"href":"https:\/\/marneantic.com\/index.php\/wp-json\/wp\/v2\/types\/product"}],"replies":[{"embeddable":true,"href":"https:\/\/marneantic.com\/index.php\/wp-json\/wp\/v2\/comments?post=26680"}],"wp:featuredmedia":[{"embeddable":true,"href":"https:\/\/marneantic.com\/index.php\/wp-json\/wp\/v2\/media\/26681"}],"wp:attachment":[{"href":"https:\/\/marneantic.com\/index.php\/wp-json\/wp\/v2\/media?parent=26680"}],"wp:term":[{"taxonomy":"product_cat","embeddable":true,"href":"https:\/\/marneantic.com\/index.php\/wp-json\/wp\/v2\/product_cat?post=26680"},{"taxonomy":"product_tag","embeddable":true,"href":"https:\/\/marneantic.com\/index.php\/wp-json\/wp\/v2\/product_tag?post=26680"}],"curies":[{"name":"wp","href":"https:\/\/api.w.org\/{rel}","templated":true}]}}