{"id":2669,"date":"2016-11-24T18:40:25","date_gmt":"2016-11-24T17:40:25","guid":{"rendered":"http:\/\/marneantic.com\/index.php\/produit\/pince-a-sucre-ancienne-metal-argente-5\/"},"modified":"2016-11-24T18:44:27","modified_gmt":"2016-11-24T17:44:27","slug":"pince-a-sucre-ancienne-metal-argente-5","status":"publish","type":"product","link":"https:\/\/marneantic.com\/index.php\/produit\/pince-a-sucre-ancienne-metal-argente-5\/","title":{"rendered":"Pince a sucre ancienne m\u00e9tal argent\u00e9"},"content":{"rendered":"","protected":false},"excerpt":{"rendered":"<p>Pince a sucre ancienne en m\u00e9tal argent\u00e9 poin\u00e7onn\u00e9,d\u00e9cor pattes de lions,en tr\u00e8s bon \u00e9tat,longueur:15.3cm<\/p>\n","protected":false},"featured_media":2670,"comment_status":"closed","ping_status":"closed","template":"","meta":{"_et_pb_use_builder":"","_et_pb_old_content":"","_et_gb_content_width":""},"product_cat":[12,10,29],"product_tag":[],"_links":{"self":[{"href":"https:\/\/marneantic.com\/index.php\/wp-json\/wp\/v2\/product\/2669"}],"collection":[{"href":"https:\/\/marneantic.com\/index.php\/wp-json\/wp\/v2\/product"}],"about":[{"href":"https:\/\/marneantic.com\/index.php\/wp-json\/wp\/v2\/types\/product"}],"replies":[{"embeddable":true,"href":"https:\/\/marneantic.com\/index.php\/wp-json\/wp\/v2\/comments?post=2669"}],"wp:featuredmedia":[{"embeddable":true,"href":"https:\/\/marneantic.com\/index.php\/wp-json\/wp\/v2\/media\/2670"}],"wp:attachment":[{"href":"https:\/\/marneantic.com\/index.php\/wp-json\/wp\/v2\/media?parent=2669"}],"wp:term":[{"taxonomy":"product_cat","embeddable":true,"href":"https:\/\/marneantic.com\/index.php\/wp-json\/wp\/v2\/product_cat?post=2669"},{"taxonomy":"product_tag","embeddable":true,"href":"https:\/\/marneantic.com\/index.php\/wp-json\/wp\/v2\/product_tag?post=2669"}],"curies":[{"name":"wp","href":"https:\/\/api.w.org\/{rel}","templated":true}]}}