{"id":26691,"date":"2025-08-01T14:53:20","date_gmt":"2025-08-01T13:53:20","guid":{"rendered":"https:\/\/marneantic.com\/?post_type=product&#038;p=26691"},"modified":"2025-08-17T15:26:51","modified_gmt":"2025-08-17T14:26:51","slug":"beurrier-ancien-en-metal-argente-anglais","status":"publish","type":"product","link":"https:\/\/marneantic.com\/index.php\/produit\/beurrier-ancien-en-metal-argente-anglais\/","title":{"rendered":"Beurrier ancien en m\u00e9tal argent\u00e9 Anglais"},"content":{"rendered":"","protected":false},"excerpt":{"rendered":"<p>Beurrier ancien en m\u00e9tal argent\u00e9 Anglais avec coupelle int\u00e9rieur en verre, en bon \u00e9tat( a signaler une trace d&rsquo;oxydation sur le rebord, voir photo et traces d&rsquo;usage), longueur:15.8cm, largeur:13.4cm, hauteur:8.5cm<\/p>\n","protected":false},"featured_media":26692,"comment_status":"open","ping_status":"closed","template":"","meta":{"_et_pb_use_builder":"","_et_pb_old_content":"","_et_gb_content_width":""},"product_cat":[13,12,10,30],"product_tag":[],"_links":{"self":[{"href":"https:\/\/marneantic.com\/index.php\/wp-json\/wp\/v2\/product\/26691"}],"collection":[{"href":"https:\/\/marneantic.com\/index.php\/wp-json\/wp\/v2\/product"}],"about":[{"href":"https:\/\/marneantic.com\/index.php\/wp-json\/wp\/v2\/types\/product"}],"replies":[{"embeddable":true,"href":"https:\/\/marneantic.com\/index.php\/wp-json\/wp\/v2\/comments?post=26691"}],"wp:featuredmedia":[{"embeddable":true,"href":"https:\/\/marneantic.com\/index.php\/wp-json\/wp\/v2\/media\/26692"}],"wp:attachment":[{"href":"https:\/\/marneantic.com\/index.php\/wp-json\/wp\/v2\/media?parent=26691"}],"wp:term":[{"taxonomy":"product_cat","embeddable":true,"href":"https:\/\/marneantic.com\/index.php\/wp-json\/wp\/v2\/product_cat?post=26691"},{"taxonomy":"product_tag","embeddable":true,"href":"https:\/\/marneantic.com\/index.php\/wp-json\/wp\/v2\/product_tag?post=26691"}],"curies":[{"name":"wp","href":"https:\/\/api.w.org\/{rel}","templated":true}]}}