{"id":26703,"date":"2025-08-03T16:07:15","date_gmt":"2025-08-03T15:07:15","guid":{"rendered":"https:\/\/marneantic.com\/?post_type=product&#038;p=26703"},"modified":"2025-09-15T12:53:58","modified_gmt":"2025-09-15T11:53:58","slug":"console-de-style-louis-xv-en-bois-et-stuc-dore-plateau-marbre","status":"publish","type":"product","link":"https:\/\/marneantic.com\/index.php\/produit\/console-de-style-louis-xv-en-bois-et-stuc-dore-plateau-marbre\/","title":{"rendered":"Console de style louis XV en bois et stuc dor\u00e9, plateau marbre"},"content":{"rendered":"","protected":false},"excerpt":{"rendered":"<p>Console de style louis XV en bois et stuc dor\u00e9, plateau marbre blanc vein\u00e9, fin 19eme\/d\u00e9but 20eme, en bon \u00e9tat, traces d&rsquo;usage, cette pi\u00e8ce a eu les pieds raccourcis ce qui n&rsquo;enl\u00e8ve rien a sont cot\u00e9 d\u00e9coratif, marbre en bon \u00e9tat avec un petit \u00e9clat sous le rebord(voir photo) hauteur: 82.5cm, largeur: 57.5cm, profondeur: 35.5cm<\/p>\n","protected":false},"featured_media":26704,"comment_status":"open","ping_status":"closed","template":"","meta":{"_et_pb_use_builder":"","_et_pb_old_content":"","_et_gb_content_width":""},"product_cat":[31,16,30],"product_tag":[],"_links":{"self":[{"href":"https:\/\/marneantic.com\/index.php\/wp-json\/wp\/v2\/product\/26703"}],"collection":[{"href":"https:\/\/marneantic.com\/index.php\/wp-json\/wp\/v2\/product"}],"about":[{"href":"https:\/\/marneantic.com\/index.php\/wp-json\/wp\/v2\/types\/product"}],"replies":[{"embeddable":true,"href":"https:\/\/marneantic.com\/index.php\/wp-json\/wp\/v2\/comments?post=26703"}],"wp:featuredmedia":[{"embeddable":true,"href":"https:\/\/marneantic.com\/index.php\/wp-json\/wp\/v2\/media\/26704"}],"wp:attachment":[{"href":"https:\/\/marneantic.com\/index.php\/wp-json\/wp\/v2\/media?parent=26703"}],"wp:term":[{"taxonomy":"product_cat","embeddable":true,"href":"https:\/\/marneantic.com\/index.php\/wp-json\/wp\/v2\/product_cat?post=26703"},{"taxonomy":"product_tag","embeddable":true,"href":"https:\/\/marneantic.com\/index.php\/wp-json\/wp\/v2\/product_tag?post=26703"}],"curies":[{"name":"wp","href":"https:\/\/api.w.org\/{rel}","templated":true}]}}