{"id":26714,"date":"2025-08-03T16:07:26","date_gmt":"2025-08-03T15:07:26","guid":{"rendered":"https:\/\/marneantic.com\/?post_type=product&#038;p=26714"},"modified":"2025-09-15T12:53:41","modified_gmt":"2025-09-15T11:53:41","slug":"console-de-style-louis-xv-en-bois-et-stuc-dore-plateau-marbre-2","status":"publish","type":"product","link":"https:\/\/marneantic.com\/index.php\/produit\/console-de-style-louis-xv-en-bois-et-stuc-dore-plateau-marbre-2\/","title":{"rendered":"Console de style louis XV en bois et stuc dor\u00e9, plateau marbre"},"content":{"rendered":"","protected":false},"excerpt":{"rendered":"<p>Console de style louis XV en bois et stuc dor\u00e9, plateau marbre blanc vein\u00e9, fin 19eme\/d\u00e9but 20eme, en bon \u00e9tat, traces d&rsquo;usage, plateau marbre sans \u00e9clats hauteur: 91cm, largeur: 57.5cm, profondeur: 36cm<\/p>\n","protected":false},"featured_media":26715,"comment_status":"open","ping_status":"closed","template":"","meta":{"_et_pb_use_builder":"","_et_pb_old_content":"","_et_gb_content_width":""},"product_cat":[31,16,30],"product_tag":[],"_links":{"self":[{"href":"https:\/\/marneantic.com\/index.php\/wp-json\/wp\/v2\/product\/26714"}],"collection":[{"href":"https:\/\/marneantic.com\/index.php\/wp-json\/wp\/v2\/product"}],"about":[{"href":"https:\/\/marneantic.com\/index.php\/wp-json\/wp\/v2\/types\/product"}],"replies":[{"embeddable":true,"href":"https:\/\/marneantic.com\/index.php\/wp-json\/wp\/v2\/comments?post=26714"}],"wp:featuredmedia":[{"embeddable":true,"href":"https:\/\/marneantic.com\/index.php\/wp-json\/wp\/v2\/media\/26715"}],"wp:attachment":[{"href":"https:\/\/marneantic.com\/index.php\/wp-json\/wp\/v2\/media?parent=26714"}],"wp:term":[{"taxonomy":"product_cat","embeddable":true,"href":"https:\/\/marneantic.com\/index.php\/wp-json\/wp\/v2\/product_cat?post=26714"},{"taxonomy":"product_tag","embeddable":true,"href":"https:\/\/marneantic.com\/index.php\/wp-json\/wp\/v2\/product_tag?post=26714"}],"curies":[{"name":"wp","href":"https:\/\/api.w.org\/{rel}","templated":true}]}}