{"id":26723,"date":"2025-08-08T14:45:16","date_gmt":"2025-08-08T13:45:16","guid":{"rendered":"https:\/\/marneantic.com\/?post_type=product&#038;p=26723"},"modified":"2025-08-08T14:54:26","modified_gmt":"2025-08-08T13:54:26","slug":"taie-doreiller-denfant-ancienne-brodee-en-coton-55x41cm","status":"publish","type":"product","link":"https:\/\/marneantic.com\/index.php\/produit\/taie-doreiller-denfant-ancienne-brodee-en-coton-55x41cm\/","title":{"rendered":"Taie d&rsquo;oreiller d&rsquo;enfant ancienne brod\u00e9e en coton :55x41cm"},"content":{"rendered":"","protected":false},"excerpt":{"rendered":"<p>Taie d&rsquo;oreiller d&rsquo;enfant ancienne brod\u00e9e en coton :55x41cm, bon \u00e9tat<br \/>\nlinge v\u00e9rifi\u00e9, lav\u00e9 et repass\u00e9<\/p>\n","protected":false},"featured_media":26724,"comment_status":"open","ping_status":"closed","template":"","meta":{"_et_pb_use_builder":"","_et_pb_old_content":"","_et_gb_content_width":""},"product_cat":[33],"product_tag":[],"_links":{"self":[{"href":"https:\/\/marneantic.com\/index.php\/wp-json\/wp\/v2\/product\/26723"}],"collection":[{"href":"https:\/\/marneantic.com\/index.php\/wp-json\/wp\/v2\/product"}],"about":[{"href":"https:\/\/marneantic.com\/index.php\/wp-json\/wp\/v2\/types\/product"}],"replies":[{"embeddable":true,"href":"https:\/\/marneantic.com\/index.php\/wp-json\/wp\/v2\/comments?post=26723"}],"wp:featuredmedia":[{"embeddable":true,"href":"https:\/\/marneantic.com\/index.php\/wp-json\/wp\/v2\/media\/26724"}],"wp:attachment":[{"href":"https:\/\/marneantic.com\/index.php\/wp-json\/wp\/v2\/media?parent=26723"}],"wp:term":[{"taxonomy":"product_cat","embeddable":true,"href":"https:\/\/marneantic.com\/index.php\/wp-json\/wp\/v2\/product_cat?post=26723"},{"taxonomy":"product_tag","embeddable":true,"href":"https:\/\/marneantic.com\/index.php\/wp-json\/wp\/v2\/product_tag?post=26723"}],"curies":[{"name":"wp","href":"https:\/\/api.w.org\/{rel}","templated":true}]}}