{"id":26743,"date":"2025-08-11T13:48:48","date_gmt":"2025-08-11T12:48:48","guid":{"rendered":"https:\/\/marneantic.com\/?post_type=product&#038;p=26743"},"modified":"2025-08-11T13:55:51","modified_gmt":"2025-08-11T12:55:51","slug":"sucrier-ancien-en-porcelaine-de-limoges-8","status":"publish","type":"product","link":"https:\/\/marneantic.com\/index.php\/produit\/sucrier-ancien-en-porcelaine-de-limoges-8\/","title":{"rendered":"sucrier ancien en porcelaine de Limoges"},"content":{"rendered":"","protected":false},"excerpt":{"rendered":"<p>sucrier ancien en porcelaine de Limoges, manufacture jean BOYER, ann\u00e9es 20&prime;, en tr\u00e8s bon \u00e9tat, hauteur avec couvercle:16cm,diametre hors poign\u00e9es:13cm<\/p>\n","protected":false},"featured_media":26744,"comment_status":"closed","ping_status":"closed","template":"","meta":{"_et_pb_use_builder":"","_et_pb_old_content":"","_et_gb_content_width":""},"product_cat":[44,26,7],"product_tag":[],"_links":{"self":[{"href":"https:\/\/marneantic.com\/index.php\/wp-json\/wp\/v2\/product\/26743"}],"collection":[{"href":"https:\/\/marneantic.com\/index.php\/wp-json\/wp\/v2\/product"}],"about":[{"href":"https:\/\/marneantic.com\/index.php\/wp-json\/wp\/v2\/types\/product"}],"replies":[{"embeddable":true,"href":"https:\/\/marneantic.com\/index.php\/wp-json\/wp\/v2\/comments?post=26743"}],"wp:featuredmedia":[{"embeddable":true,"href":"https:\/\/marneantic.com\/index.php\/wp-json\/wp\/v2\/media\/26744"}],"wp:attachment":[{"href":"https:\/\/marneantic.com\/index.php\/wp-json\/wp\/v2\/media?parent=26743"}],"wp:term":[{"taxonomy":"product_cat","embeddable":true,"href":"https:\/\/marneantic.com\/index.php\/wp-json\/wp\/v2\/product_cat?post=26743"},{"taxonomy":"product_tag","embeddable":true,"href":"https:\/\/marneantic.com\/index.php\/wp-json\/wp\/v2\/product_tag?post=26743"}],"curies":[{"name":"wp","href":"https:\/\/api.w.org\/{rel}","templated":true}]}}