{"id":26747,"date":"2025-08-11T13:58:45","date_gmt":"2025-08-11T12:58:45","guid":{"rendered":"https:\/\/marneantic.com\/?post_type=product&#038;p=26747"},"modified":"2025-08-11T14:00:15","modified_gmt":"2025-08-11T13:00:15","slug":"cafetiere-ancienne-en-porcelaine-de-limoges-7","status":"publish","type":"product","link":"https:\/\/marneantic.com\/index.php\/produit\/cafetiere-ancienne-en-porcelaine-de-limoges-7\/","title":{"rendered":"Cafeti\u00e8re  ancienne en porcelaine de Limoges"},"content":{"rendered":"","protected":false},"excerpt":{"rendered":"<p><b>Cafeti\u00e8re\u00a0 ancienne en porcelaine de Limoges, manufacture jean BOYER, ann\u00e9es 20&prime;, en tr\u00e8s bon \u00e9tat<\/b><\/p>\n<div><strong>hauteur avec couvercle:23cm<\/strong><\/div>\n<div><strong>diam\u00e8tre hors poign\u00e9es et bec:14cm<\/strong><\/div>\n","protected":false},"featured_media":26748,"comment_status":"closed","ping_status":"closed","template":"","meta":{"_et_pb_use_builder":"","_et_pb_old_content":"","_et_gb_content_width":""},"product_cat":[44,26,7],"product_tag":[],"_links":{"self":[{"href":"https:\/\/marneantic.com\/index.php\/wp-json\/wp\/v2\/product\/26747"}],"collection":[{"href":"https:\/\/marneantic.com\/index.php\/wp-json\/wp\/v2\/product"}],"about":[{"href":"https:\/\/marneantic.com\/index.php\/wp-json\/wp\/v2\/types\/product"}],"replies":[{"embeddable":true,"href":"https:\/\/marneantic.com\/index.php\/wp-json\/wp\/v2\/comments?post=26747"}],"wp:featuredmedia":[{"embeddable":true,"href":"https:\/\/marneantic.com\/index.php\/wp-json\/wp\/v2\/media\/26748"}],"wp:attachment":[{"href":"https:\/\/marneantic.com\/index.php\/wp-json\/wp\/v2\/media?parent=26747"}],"wp:term":[{"taxonomy":"product_cat","embeddable":true,"href":"https:\/\/marneantic.com\/index.php\/wp-json\/wp\/v2\/product_cat?post=26747"},{"taxonomy":"product_tag","embeddable":true,"href":"https:\/\/marneantic.com\/index.php\/wp-json\/wp\/v2\/product_tag?post=26747"}],"curies":[{"name":"wp","href":"https:\/\/api.w.org\/{rel}","templated":true}]}}