{"id":26756,"date":"2025-08-11T14:43:31","date_gmt":"2025-08-11T13:43:31","guid":{"rendered":"https:\/\/marneantic.com\/?post_type=product&#038;p=26756"},"modified":"2026-01-16T11:52:49","modified_gmt":"2026-01-16T10:52:49","slug":"aquarelle-signee-a-devarenne-vallee-de-laber-wrack-1916","status":"publish","type":"product","link":"https:\/\/marneantic.com\/index.php\/produit\/aquarelle-signee-a-devarenne-vallee-de-laber-wrack-1916\/","title":{"rendered":"Aquarelle sign\u00e9e A.DEVARENNE &#8211; vall\u00e9e de l&rsquo;aber Wrack &#8211; 1916"},"content":{"rendered":"","protected":false},"excerpt":{"rendered":"<p><strong><span style=\"font-family: Arial; font-size: large;\">Aquarelle sur papier sign\u00e9e A.DEVARENNE &#8211; vall\u00e9e de l&rsquo;aber Wrack (Finist\u00e8re) a mar\u00e9e basse &#8211; 1916<\/span><\/strong><\/p>\n<div><strong><span style=\"font-family: Arial; font-size: large;\">dat\u00e9e et sign\u00e9e angle bas gauche<\/span><\/strong><\/div>\n<div><strong><span style=\"font-family: Arial; font-size: large;\">dimensions: 25x17cm<\/span><\/strong><\/div>\n<div><strong><span style=\"font-family: Arial; font-size: large;\">bon \u00e9tat<\/span><\/strong><\/div>\n","protected":false},"featured_media":26757,"comment_status":"open","ping_status":"closed","template":"","meta":{"_et_pb_use_builder":"","_et_pb_old_content":"","_et_gb_content_width":""},"product_cat":[47,30],"product_tag":[],"_links":{"self":[{"href":"https:\/\/marneantic.com\/index.php\/wp-json\/wp\/v2\/product\/26756"}],"collection":[{"href":"https:\/\/marneantic.com\/index.php\/wp-json\/wp\/v2\/product"}],"about":[{"href":"https:\/\/marneantic.com\/index.php\/wp-json\/wp\/v2\/types\/product"}],"replies":[{"embeddable":true,"href":"https:\/\/marneantic.com\/index.php\/wp-json\/wp\/v2\/comments?post=26756"}],"wp:featuredmedia":[{"embeddable":true,"href":"https:\/\/marneantic.com\/index.php\/wp-json\/wp\/v2\/media\/26757"}],"wp:attachment":[{"href":"https:\/\/marneantic.com\/index.php\/wp-json\/wp\/v2\/media?parent=26756"}],"wp:term":[{"taxonomy":"product_cat","embeddable":true,"href":"https:\/\/marneantic.com\/index.php\/wp-json\/wp\/v2\/product_cat?post=26756"},{"taxonomy":"product_tag","embeddable":true,"href":"https:\/\/marneantic.com\/index.php\/wp-json\/wp\/v2\/product_tag?post=26756"}],"curies":[{"name":"wp","href":"https:\/\/api.w.org\/{rel}","templated":true}]}}