{"id":26760,"date":"2025-08-12T13:12:55","date_gmt":"2025-08-12T12:12:55","guid":{"rendered":"https:\/\/marneantic.com\/?post_type=product&#038;p=26760"},"modified":"2025-08-12T13:21:28","modified_gmt":"2025-08-12T12:21:28","slug":"drap-ancien-en-coton320x200cm-monogramme","status":"publish","type":"product","link":"https:\/\/marneantic.com\/index.php\/produit\/drap-ancien-en-coton320x200cm-monogramme\/","title":{"rendered":"Drap ancien en coton:320x200cm &#8211; monogramm\u00e9"},"content":{"rendered":"","protected":false},"excerpt":{"rendered":"<p>Drap ancien en coton:320x200cm, monogramm\u00e9 C.T, en tr\u00e8s bon \u00e9tat, linge lav\u00e9, v\u00e9rifi\u00e9 et repass\u00e9, il peut toujours n\u00e9anmoins subsist\u00e9 quelques taches qui auraient \u00e9chapp\u00e9es a notre nettoyage<\/p>\n","protected":false},"featured_media":26763,"comment_status":"open","ping_status":"closed","template":"","meta":{"_et_pb_use_builder":"","_et_pb_old_content":"","_et_gb_content_width":""},"product_cat":[33],"product_tag":[],"_links":{"self":[{"href":"https:\/\/marneantic.com\/index.php\/wp-json\/wp\/v2\/product\/26760"}],"collection":[{"href":"https:\/\/marneantic.com\/index.php\/wp-json\/wp\/v2\/product"}],"about":[{"href":"https:\/\/marneantic.com\/index.php\/wp-json\/wp\/v2\/types\/product"}],"replies":[{"embeddable":true,"href":"https:\/\/marneantic.com\/index.php\/wp-json\/wp\/v2\/comments?post=26760"}],"wp:featuredmedia":[{"embeddable":true,"href":"https:\/\/marneantic.com\/index.php\/wp-json\/wp\/v2\/media\/26763"}],"wp:attachment":[{"href":"https:\/\/marneantic.com\/index.php\/wp-json\/wp\/v2\/media?parent=26760"}],"wp:term":[{"taxonomy":"product_cat","embeddable":true,"href":"https:\/\/marneantic.com\/index.php\/wp-json\/wp\/v2\/product_cat?post=26760"},{"taxonomy":"product_tag","embeddable":true,"href":"https:\/\/marneantic.com\/index.php\/wp-json\/wp\/v2\/product_tag?post=26760"}],"curies":[{"name":"wp","href":"https:\/\/api.w.org\/{rel}","templated":true}]}}