{"id":26771,"date":"2025-08-12T13:43:52","date_gmt":"2025-08-12T12:43:52","guid":{"rendered":"https:\/\/marneantic.com\/?post_type=product&#038;p=26771"},"modified":"2025-08-12T13:50:25","modified_gmt":"2025-08-12T12:50:25","slug":"chapelet-de-priere-ancien-perles-de-verre-bleue-et-christ-en-metal-argente","status":"publish","type":"product","link":"https:\/\/marneantic.com\/index.php\/produit\/chapelet-de-priere-ancien-perles-de-verre-bleue-et-christ-en-metal-argente\/","title":{"rendered":"Chapelet de pri\u00e8re ancien, perles de verre bleue et christ en m\u00e9tal argent\u00e9"},"content":{"rendered":"","protected":false},"excerpt":{"rendered":"<p>Chapelet de pri\u00e8re ancien, perles de verre bleue et christ en m\u00e9tal argent\u00e9, en tr\u00e8s bon \u00e9tat, longueur totale: 47cm, avec \u00e9tui en cuir d&rsquo;origine<\/p>\n","protected":false},"featured_media":26773,"comment_status":"closed","ping_status":"closed","template":"","meta":{"_et_pb_use_builder":"","_et_pb_old_content":"","_et_gb_content_width":""},"product_cat":[14],"product_tag":[],"_links":{"self":[{"href":"https:\/\/marneantic.com\/index.php\/wp-json\/wp\/v2\/product\/26771"}],"collection":[{"href":"https:\/\/marneantic.com\/index.php\/wp-json\/wp\/v2\/product"}],"about":[{"href":"https:\/\/marneantic.com\/index.php\/wp-json\/wp\/v2\/types\/product"}],"replies":[{"embeddable":true,"href":"https:\/\/marneantic.com\/index.php\/wp-json\/wp\/v2\/comments?post=26771"}],"wp:featuredmedia":[{"embeddable":true,"href":"https:\/\/marneantic.com\/index.php\/wp-json\/wp\/v2\/media\/26773"}],"wp:attachment":[{"href":"https:\/\/marneantic.com\/index.php\/wp-json\/wp\/v2\/media?parent=26771"}],"wp:term":[{"taxonomy":"product_cat","embeddable":true,"href":"https:\/\/marneantic.com\/index.php\/wp-json\/wp\/v2\/product_cat?post=26771"},{"taxonomy":"product_tag","embeddable":true,"href":"https:\/\/marneantic.com\/index.php\/wp-json\/wp\/v2\/product_tag?post=26771"}],"curies":[{"name":"wp","href":"https:\/\/api.w.org\/{rel}","templated":true}]}}