{"id":26785,"date":"2025-08-13T14:14:55","date_gmt":"2025-08-13T13:14:55","guid":{"rendered":"https:\/\/marneantic.com\/?post_type=product&#038;p=26785"},"modified":"2025-08-13T14:24:37","modified_gmt":"2025-08-13T13:24:37","slug":"cendrier-vintage-en-ceramique-west-germany","status":"publish","type":"product","link":"https:\/\/marneantic.com\/index.php\/produit\/cendrier-vintage-en-ceramique-west-germany\/","title":{"rendered":"Cendrier vintage en c\u00e9ramique West Germany"},"content":{"rendered":"","protected":false},"excerpt":{"rendered":"<div>\n<p><b>Cendrier vintage en c\u00e9ramique West Germany en tr\u00e8s bon \u00e9tat<\/b><\/p>\n<div><strong>dimensions: 13&#215;12.5cm<\/strong><\/div>\n<\/div>\n<div><\/div>\n","protected":false},"featured_media":26786,"comment_status":"open","ping_status":"closed","template":"","meta":{"_et_pb_use_builder":"","_et_pb_old_content":"","_et_gb_content_width":""},"product_cat":[8,16],"product_tag":[],"_links":{"self":[{"href":"https:\/\/marneantic.com\/index.php\/wp-json\/wp\/v2\/product\/26785"}],"collection":[{"href":"https:\/\/marneantic.com\/index.php\/wp-json\/wp\/v2\/product"}],"about":[{"href":"https:\/\/marneantic.com\/index.php\/wp-json\/wp\/v2\/types\/product"}],"replies":[{"embeddable":true,"href":"https:\/\/marneantic.com\/index.php\/wp-json\/wp\/v2\/comments?post=26785"}],"wp:featuredmedia":[{"embeddable":true,"href":"https:\/\/marneantic.com\/index.php\/wp-json\/wp\/v2\/media\/26786"}],"wp:attachment":[{"href":"https:\/\/marneantic.com\/index.php\/wp-json\/wp\/v2\/media?parent=26785"}],"wp:term":[{"taxonomy":"product_cat","embeddable":true,"href":"https:\/\/marneantic.com\/index.php\/wp-json\/wp\/v2\/product_cat?post=26785"},{"taxonomy":"product_tag","embeddable":true,"href":"https:\/\/marneantic.com\/index.php\/wp-json\/wp\/v2\/product_tag?post=26785"}],"curies":[{"name":"wp","href":"https:\/\/api.w.org\/{rel}","templated":true}]}}