{"id":26810,"date":"2025-08-18T13:53:00","date_gmt":"2025-08-18T12:53:00","guid":{"rendered":"https:\/\/marneantic.com\/?post_type=product&#038;p=26810"},"modified":"2025-08-18T14:01:24","modified_gmt":"2025-08-18T13:01:24","slug":"grand-porte-photo-miroir-vintage-annees-50-60","status":"publish","type":"product","link":"https:\/\/marneantic.com\/index.php\/produit\/grand-porte-photo-miroir-vintage-annees-50-60\/","title":{"rendered":"Grand porte-photo miroir vintage ann\u00e9es 50&rsquo;\/60"},"content":{"rendered":"","protected":false},"excerpt":{"rendered":"<p>Grand porte-photo miroir vintage ann\u00e9es 50&rsquo;\/60 \u00a0complet avec b\u00e9quille, en tr\u00e8s bon \u00e9tat,hauteur:42cm,largeur:36cm<\/p>\n","protected":false},"featured_media":26812,"comment_status":"open","ping_status":"closed","template":"","meta":{"_et_pb_use_builder":"","_et_pb_old_content":"","_et_gb_content_width":""},"product_cat":[8,16],"product_tag":[],"_links":{"self":[{"href":"https:\/\/marneantic.com\/index.php\/wp-json\/wp\/v2\/product\/26810"}],"collection":[{"href":"https:\/\/marneantic.com\/index.php\/wp-json\/wp\/v2\/product"}],"about":[{"href":"https:\/\/marneantic.com\/index.php\/wp-json\/wp\/v2\/types\/product"}],"replies":[{"embeddable":true,"href":"https:\/\/marneantic.com\/index.php\/wp-json\/wp\/v2\/comments?post=26810"}],"wp:featuredmedia":[{"embeddable":true,"href":"https:\/\/marneantic.com\/index.php\/wp-json\/wp\/v2\/media\/26812"}],"wp:attachment":[{"href":"https:\/\/marneantic.com\/index.php\/wp-json\/wp\/v2\/media?parent=26810"}],"wp:term":[{"taxonomy":"product_cat","embeddable":true,"href":"https:\/\/marneantic.com\/index.php\/wp-json\/wp\/v2\/product_cat?post=26810"},{"taxonomy":"product_tag","embeddable":true,"href":"https:\/\/marneantic.com\/index.php\/wp-json\/wp\/v2\/product_tag?post=26810"}],"curies":[{"name":"wp","href":"https:\/\/api.w.org\/{rel}","templated":true}]}}