{"id":26819,"date":"2025-08-18T14:18:04","date_gmt":"2025-08-18T13:18:04","guid":{"rendered":"https:\/\/marneantic.com\/?post_type=product&#038;p=26819"},"modified":"2026-01-28T17:01:14","modified_gmt":"2026-01-28T16:01:14","slug":"cuillere-a-ragout-art-deco-ancienne-en-metal-argente-2","status":"publish","type":"product","link":"https:\/\/marneantic.com\/index.php\/produit\/cuillere-a-ragout-art-deco-ancienne-en-metal-argente-2\/","title":{"rendered":"Cuill\u00e8re a ragout art d\u00e9co ancienne en m\u00e9tal argent\u00e9"},"content":{"rendered":"","protected":false},"excerpt":{"rendered":"<p><span style=\"font-size: large;\"><span style=\"font-family: Arial;\">Cuill\u00e8re a ragout art d\u00e9co ancienne en m\u00e9tal argent\u00e9, en bon <\/span><\/span><span style=\"font-family: Arial; font-size: large;\">\u00e9tat<\/span><\/p>\n<div><span style=\"font-size: large;\">longueur:26.5cm<\/span><\/div>\n","protected":false},"featured_media":26820,"comment_status":"closed","ping_status":"closed","template":"","meta":{"_et_pb_use_builder":"","_et_pb_old_content":"","_et_gb_content_width":""},"product_cat":[12,10,44,29,30],"product_tag":[],"_links":{"self":[{"href":"https:\/\/marneantic.com\/index.php\/wp-json\/wp\/v2\/product\/26819"}],"collection":[{"href":"https:\/\/marneantic.com\/index.php\/wp-json\/wp\/v2\/product"}],"about":[{"href":"https:\/\/marneantic.com\/index.php\/wp-json\/wp\/v2\/types\/product"}],"replies":[{"embeddable":true,"href":"https:\/\/marneantic.com\/index.php\/wp-json\/wp\/v2\/comments?post=26819"}],"wp:featuredmedia":[{"embeddable":true,"href":"https:\/\/marneantic.com\/index.php\/wp-json\/wp\/v2\/media\/26820"}],"wp:attachment":[{"href":"https:\/\/marneantic.com\/index.php\/wp-json\/wp\/v2\/media?parent=26819"}],"wp:term":[{"taxonomy":"product_cat","embeddable":true,"href":"https:\/\/marneantic.com\/index.php\/wp-json\/wp\/v2\/product_cat?post=26819"},{"taxonomy":"product_tag","embeddable":true,"href":"https:\/\/marneantic.com\/index.php\/wp-json\/wp\/v2\/product_tag?post=26819"}],"curies":[{"name":"wp","href":"https:\/\/api.w.org\/{rel}","templated":true}]}}