{"id":26824,"date":"2025-08-18T14:25:46","date_gmt":"2025-08-18T13:25:46","guid":{"rendered":"https:\/\/marneantic.com\/?post_type=product&#038;p=26824"},"modified":"2025-09-17T11:04:13","modified_gmt":"2025-09-17T10:04:13","slug":"12-petites-cuilleres-anciennes-en-metal-argente-en-ecrin-2","status":"publish","type":"product","link":"https:\/\/marneantic.com\/index.php\/produit\/12-petites-cuilleres-anciennes-en-metal-argente-en-ecrin-2\/","title":{"rendered":"12 petites cuill\u00e8res anciennes en m\u00e9tal argent\u00e9, en \u00e9crin"},"content":{"rendered":"","protected":false},"excerpt":{"rendered":"<p><strong>12 petites cuill\u00e8res anciennes en m\u00e9tal argent\u00e9, en \u00e9crin, en bon \u00e9tat,longueur:13.6cm, \u00e9crin en tr\u00e8s bon \u00e9tat<\/strong><\/p>\n","protected":false},"featured_media":26826,"comment_status":"closed","ping_status":"closed","template":"","meta":{"_et_pb_use_builder":"","_et_pb_old_content":"","_et_gb_content_width":""},"product_cat":[12,10,29,30],"product_tag":[],"_links":{"self":[{"href":"https:\/\/marneantic.com\/index.php\/wp-json\/wp\/v2\/product\/26824"}],"collection":[{"href":"https:\/\/marneantic.com\/index.php\/wp-json\/wp\/v2\/product"}],"about":[{"href":"https:\/\/marneantic.com\/index.php\/wp-json\/wp\/v2\/types\/product"}],"replies":[{"embeddable":true,"href":"https:\/\/marneantic.com\/index.php\/wp-json\/wp\/v2\/comments?post=26824"}],"wp:featuredmedia":[{"embeddable":true,"href":"https:\/\/marneantic.com\/index.php\/wp-json\/wp\/v2\/media\/26826"}],"wp:attachment":[{"href":"https:\/\/marneantic.com\/index.php\/wp-json\/wp\/v2\/media?parent=26824"}],"wp:term":[{"taxonomy":"product_cat","embeddable":true,"href":"https:\/\/marneantic.com\/index.php\/wp-json\/wp\/v2\/product_cat?post=26824"},{"taxonomy":"product_tag","embeddable":true,"href":"https:\/\/marneantic.com\/index.php\/wp-json\/wp\/v2\/product_tag?post=26824"}],"curies":[{"name":"wp","href":"https:\/\/api.w.org\/{rel}","templated":true}]}}