{"id":26862,"date":"2025-08-21T12:45:27","date_gmt":"2025-08-21T11:45:27","guid":{"rendered":"https:\/\/marneantic.com\/?post_type=product&#038;p=26862"},"modified":"2025-08-21T12:52:48","modified_gmt":"2025-08-21T11:52:48","slug":"baccarat-paire-de-salerons-en-cristal-modele-camel","status":"publish","type":"product","link":"https:\/\/marneantic.com\/index.php\/produit\/baccarat-paire-de-salerons-en-cristal-modele-camel\/","title":{"rendered":"BACCARAT paire de salerons en cristal, mod\u00e8le Camel"},"content":{"rendered":"","protected":false},"excerpt":{"rendered":"<div><b>(cl) BACCARAT paire de salerons en cristal, mod\u00e8le Camel, en tr\u00e8s bon \u00e9tat<\/b><\/div>\n<div><b>hauteur:2.4cm, diametre:5cm<\/b><\/div>\n","protected":false},"featured_media":26863,"comment_status":"closed","ping_status":"closed","template":"","meta":{"_et_pb_use_builder":"","_et_pb_old_content":"","_et_gb_content_width":""},"product_cat":[13,10],"product_tag":[],"_links":{"self":[{"href":"https:\/\/marneantic.com\/index.php\/wp-json\/wp\/v2\/product\/26862"}],"collection":[{"href":"https:\/\/marneantic.com\/index.php\/wp-json\/wp\/v2\/product"}],"about":[{"href":"https:\/\/marneantic.com\/index.php\/wp-json\/wp\/v2\/types\/product"}],"replies":[{"embeddable":true,"href":"https:\/\/marneantic.com\/index.php\/wp-json\/wp\/v2\/comments?post=26862"}],"wp:featuredmedia":[{"embeddable":true,"href":"https:\/\/marneantic.com\/index.php\/wp-json\/wp\/v2\/media\/26863"}],"wp:attachment":[{"href":"https:\/\/marneantic.com\/index.php\/wp-json\/wp\/v2\/media?parent=26862"}],"wp:term":[{"taxonomy":"product_cat","embeddable":true,"href":"https:\/\/marneantic.com\/index.php\/wp-json\/wp\/v2\/product_cat?post=26862"},{"taxonomy":"product_tag","embeddable":true,"href":"https:\/\/marneantic.com\/index.php\/wp-json\/wp\/v2\/product_tag?post=26862"}],"curies":[{"name":"wp","href":"https:\/\/api.w.org\/{rel}","templated":true}]}}