{"id":26866,"date":"2025-08-21T12:56:01","date_gmt":"2025-08-21T11:56:01","guid":{"rendered":"https:\/\/marneantic.com\/?post_type=product&#038;p=26866"},"modified":"2025-08-21T13:00:45","modified_gmt":"2025-08-21T12:00:45","slug":"dessous-de-bouteille-ancien-art-deco-4","status":"publish","type":"product","link":"https:\/\/marneantic.com\/index.php\/produit\/dessous-de-bouteille-ancien-art-deco-4\/","title":{"rendered":"Dessous de bouteille ancien art-d\u00e9co"},"content":{"rendered":"","protected":false},"excerpt":{"rendered":"<p><span style=\"font-family: Arial;\">Dessous de bouteille art-d\u00e9co ancien a rebord en verre a d\u00e9cor d\u00e9poli, en bon <\/span><span style=\"font-family: Arial;\">\u00e9tat<\/span><\/p>\n<div><span style=\"font-family: Arial;\">diametre:12.7cm<\/span><\/div>\n<div><span style=\"font-family: Arial;\">hauteur:1.2cm<\/span><\/div>\n","protected":false},"featured_media":26868,"comment_status":"closed","ping_status":"closed","template":"","meta":{"_et_pb_use_builder":"","_et_pb_old_content":"","_et_gb_content_width":""},"product_cat":[13,10,44,11],"product_tag":[],"_links":{"self":[{"href":"https:\/\/marneantic.com\/index.php\/wp-json\/wp\/v2\/product\/26866"}],"collection":[{"href":"https:\/\/marneantic.com\/index.php\/wp-json\/wp\/v2\/product"}],"about":[{"href":"https:\/\/marneantic.com\/index.php\/wp-json\/wp\/v2\/types\/product"}],"replies":[{"embeddable":true,"href":"https:\/\/marneantic.com\/index.php\/wp-json\/wp\/v2\/comments?post=26866"}],"wp:featuredmedia":[{"embeddable":true,"href":"https:\/\/marneantic.com\/index.php\/wp-json\/wp\/v2\/media\/26868"}],"wp:attachment":[{"href":"https:\/\/marneantic.com\/index.php\/wp-json\/wp\/v2\/media?parent=26866"}],"wp:term":[{"taxonomy":"product_cat","embeddable":true,"href":"https:\/\/marneantic.com\/index.php\/wp-json\/wp\/v2\/product_cat?post=26866"},{"taxonomy":"product_tag","embeddable":true,"href":"https:\/\/marneantic.com\/index.php\/wp-json\/wp\/v2\/product_tag?post=26866"}],"curies":[{"name":"wp","href":"https:\/\/api.w.org\/{rel}","templated":true}]}}