{"id":26870,"date":"2025-08-21T13:01:34","date_gmt":"2025-08-21T12:01:34","guid":{"rendered":"https:\/\/marneantic.com\/?post_type=product&#038;p=26870"},"modified":"2026-02-14T13:49:14","modified_gmt":"2026-02-14T12:49:14","slug":"dessous-de-bouteille-ancien-en-verre-et-metal-argente","status":"publish","type":"product","link":"https:\/\/marneantic.com\/index.php\/produit\/dessous-de-bouteille-ancien-en-verre-et-metal-argente\/","title":{"rendered":"Dessous de bouteille ancien en verre et m\u00e9tal argent\u00e9"},"content":{"rendered":"","protected":false},"excerpt":{"rendered":"<p><strong><span style=\"font-family: Arial;\">(cl) Dessous de bouteille ancien en verre et rebord en m\u00e9tal argent\u00e9, en bon \u00e9tat, traces d&rsquo;usage<\/span><\/strong><\/p>\n<div><strong><span style=\"font-size: large;\"><span style=\"font-family: Arial;\">diametre:13cm, hauteur:1.4cm<\/span><\/span><\/strong><\/div>\n","protected":false},"featured_media":26872,"comment_status":"closed","ping_status":"closed","template":"","meta":{"_et_pb_use_builder":"","_et_pb_old_content":"","_et_gb_content_width":""},"product_cat":[13,10,11],"product_tag":[],"_links":{"self":[{"href":"https:\/\/marneantic.com\/index.php\/wp-json\/wp\/v2\/product\/26870"}],"collection":[{"href":"https:\/\/marneantic.com\/index.php\/wp-json\/wp\/v2\/product"}],"about":[{"href":"https:\/\/marneantic.com\/index.php\/wp-json\/wp\/v2\/types\/product"}],"replies":[{"embeddable":true,"href":"https:\/\/marneantic.com\/index.php\/wp-json\/wp\/v2\/comments?post=26870"}],"wp:featuredmedia":[{"embeddable":true,"href":"https:\/\/marneantic.com\/index.php\/wp-json\/wp\/v2\/media\/26872"}],"wp:attachment":[{"href":"https:\/\/marneantic.com\/index.php\/wp-json\/wp\/v2\/media?parent=26870"}],"wp:term":[{"taxonomy":"product_cat","embeddable":true,"href":"https:\/\/marneantic.com\/index.php\/wp-json\/wp\/v2\/product_cat?post=26870"},{"taxonomy":"product_tag","embeddable":true,"href":"https:\/\/marneantic.com\/index.php\/wp-json\/wp\/v2\/product_tag?post=26870"}],"curies":[{"name":"wp","href":"https:\/\/api.w.org\/{rel}","templated":true}]}}