{"id":26873,"date":"2025-08-21T13:14:33","date_gmt":"2025-08-21T12:14:33","guid":{"rendered":"https:\/\/marneantic.com\/?post_type=product&#038;p=26873"},"modified":"2025-10-21T13:01:19","modified_gmt":"2025-10-21T12:01:19","slug":"flacon-de-salle-de-bain-ancien-en-verre","status":"publish","type":"product","link":"https:\/\/marneantic.com\/index.php\/produit\/flacon-de-salle-de-bain-ancien-en-verre\/","title":{"rendered":"Flacon de salle de bain ancien en verre"},"content":{"rendered":"","protected":false},"excerpt":{"rendered":"<p>Flacon de salle de bain ancien en verre, bouchon en laiton, en tr\u00e8s bon \u00e9tat sans \u00e9clats, bouchon d&rsquo;origine , hauteur totale:14.5cm, largeur: 10cm, profondeur: 6cm<\/p>\n","protected":false},"featured_media":26874,"comment_status":"closed","ping_status":"closed","template":"","meta":{"_et_pb_use_builder":"","_et_pb_old_content":"","_et_gb_content_width":""},"product_cat":[14,8,30],"product_tag":[],"_links":{"self":[{"href":"https:\/\/marneantic.com\/index.php\/wp-json\/wp\/v2\/product\/26873"}],"collection":[{"href":"https:\/\/marneantic.com\/index.php\/wp-json\/wp\/v2\/product"}],"about":[{"href":"https:\/\/marneantic.com\/index.php\/wp-json\/wp\/v2\/types\/product"}],"replies":[{"embeddable":true,"href":"https:\/\/marneantic.com\/index.php\/wp-json\/wp\/v2\/comments?post=26873"}],"wp:featuredmedia":[{"embeddable":true,"href":"https:\/\/marneantic.com\/index.php\/wp-json\/wp\/v2\/media\/26874"}],"wp:attachment":[{"href":"https:\/\/marneantic.com\/index.php\/wp-json\/wp\/v2\/media?parent=26873"}],"wp:term":[{"taxonomy":"product_cat","embeddable":true,"href":"https:\/\/marneantic.com\/index.php\/wp-json\/wp\/v2\/product_cat?post=26873"},{"taxonomy":"product_tag","embeddable":true,"href":"https:\/\/marneantic.com\/index.php\/wp-json\/wp\/v2\/product_tag?post=26873"}],"curies":[{"name":"wp","href":"https:\/\/api.w.org\/{rel}","templated":true}]}}