{"id":26884,"date":"2025-08-21T13:38:36","date_gmt":"2025-08-21T12:38:36","guid":{"rendered":"https:\/\/marneantic.com\/?post_type=product&#038;p=26884"},"modified":"2025-08-21T13:44:41","modified_gmt":"2025-08-21T12:44:41","slug":"baccarat-verre-gobelet-ancien-modele-nancy","status":"publish","type":"product","link":"https:\/\/marneantic.com\/index.php\/produit\/baccarat-verre-gobelet-ancien-modele-nancy\/","title":{"rendered":"BACCARAT: verre gobelet ancien mod\u00e8le NANCY"},"content":{"rendered":"","protected":false},"excerpt":{"rendered":"<p>BACCARAT:verre gobelet ancien mod\u00e8le NANCY, non estampill\u00e9, ant\u00e9rieur a 1936, en bon \u00e9tat,hauteur:8cm,diametre du buvant:5.3cm,diametre du pied:4.2cm<\/p>\n<p>&nbsp;<\/p>\n","protected":false},"featured_media":26885,"comment_status":"closed","ping_status":"closed","template":"","meta":{"_et_pb_use_builder":"","_et_pb_old_content":"","_et_gb_content_width":""},"product_cat":[10,11],"product_tag":[],"_links":{"self":[{"href":"https:\/\/marneantic.com\/index.php\/wp-json\/wp\/v2\/product\/26884"}],"collection":[{"href":"https:\/\/marneantic.com\/index.php\/wp-json\/wp\/v2\/product"}],"about":[{"href":"https:\/\/marneantic.com\/index.php\/wp-json\/wp\/v2\/types\/product"}],"replies":[{"embeddable":true,"href":"https:\/\/marneantic.com\/index.php\/wp-json\/wp\/v2\/comments?post=26884"}],"wp:featuredmedia":[{"embeddable":true,"href":"https:\/\/marneantic.com\/index.php\/wp-json\/wp\/v2\/media\/26885"}],"wp:attachment":[{"href":"https:\/\/marneantic.com\/index.php\/wp-json\/wp\/v2\/media?parent=26884"}],"wp:term":[{"taxonomy":"product_cat","embeddable":true,"href":"https:\/\/marneantic.com\/index.php\/wp-json\/wp\/v2\/product_cat?post=26884"},{"taxonomy":"product_tag","embeddable":true,"href":"https:\/\/marneantic.com\/index.php\/wp-json\/wp\/v2\/product_tag?post=26884"}],"curies":[{"name":"wp","href":"https:\/\/api.w.org\/{rel}","templated":true}]}}