{"id":26891,"date":"2025-08-22T15:21:10","date_gmt":"2025-08-22T14:21:10","guid":{"rendered":"https:\/\/marneantic.com\/?post_type=product&#038;p=26891"},"modified":"2025-08-22T15:28:01","modified_gmt":"2025-08-22T14:28:01","slug":"coupe-vintage-en-ceramique","status":"publish","type":"product","link":"https:\/\/marneantic.com\/index.php\/produit\/coupe-vintage-en-ceramique\/","title":{"rendered":"Coupe vintage en c\u00e9ramique"},"content":{"rendered":"","protected":false},"excerpt":{"rendered":"<p><b><span style=\"font-family: Arial; font-size: large;\">(cl) coupe vintage en c\u00e9ramique, sign\u00e9e ( a identifi\u00e9e ) en tr\u00e8s bon \u00e9tat<\/span><\/b><\/p>\n<div><b><span style=\"font-family: Arial; font-size: large;\">diam\u00e8tre: 27cm<\/span><\/b><\/div>\n<div><b><span style=\"font-family: Arial; font-size: large;\">hauteur: 6.8cm<\/span><\/b><\/div>\n","protected":false},"featured_media":26892,"comment_status":"closed","ping_status":"closed","template":"","meta":{"_et_pb_use_builder":"","_et_pb_old_content":"","_et_gb_content_width":""},"product_cat":[14,8,16,7],"product_tag":[],"_links":{"self":[{"href":"https:\/\/marneantic.com\/index.php\/wp-json\/wp\/v2\/product\/26891"}],"collection":[{"href":"https:\/\/marneantic.com\/index.php\/wp-json\/wp\/v2\/product"}],"about":[{"href":"https:\/\/marneantic.com\/index.php\/wp-json\/wp\/v2\/types\/product"}],"replies":[{"embeddable":true,"href":"https:\/\/marneantic.com\/index.php\/wp-json\/wp\/v2\/comments?post=26891"}],"wp:featuredmedia":[{"embeddable":true,"href":"https:\/\/marneantic.com\/index.php\/wp-json\/wp\/v2\/media\/26892"}],"wp:attachment":[{"href":"https:\/\/marneantic.com\/index.php\/wp-json\/wp\/v2\/media?parent=26891"}],"wp:term":[{"taxonomy":"product_cat","embeddable":true,"href":"https:\/\/marneantic.com\/index.php\/wp-json\/wp\/v2\/product_cat?post=26891"},{"taxonomy":"product_tag","embeddable":true,"href":"https:\/\/marneantic.com\/index.php\/wp-json\/wp\/v2\/product_tag?post=26891"}],"curies":[{"name":"wp","href":"https:\/\/api.w.org\/{rel}","templated":true}]}}