{"id":26906,"date":"2025-09-16T10:01:44","date_gmt":"2025-09-16T09:01:44","guid":{"rendered":"https:\/\/marneantic.com\/?post_type=product&#038;p=26906"},"modified":"2026-03-06T08:14:22","modified_gmt":"2026-03-06T07:14:22","slug":"napperon-ancien-brode","status":"publish","type":"product","link":"https:\/\/marneantic.com\/index.php\/produit\/napperon-ancien-brode\/","title":{"rendered":"Napperon ancien brod\u00e9"},"content":{"rendered":"","protected":false},"excerpt":{"rendered":"<div><strong>Napperon ancien brod\u00e9 en bon \u00e9tat<\/strong><\/div>\n<div><strong>longueur:53cm<\/strong><\/div>\n<div><strong>largeur:39cm<\/strong><\/div>\n<div><\/div>\n<div><\/div>\n","protected":false},"featured_media":26907,"comment_status":"open","ping_status":"closed","template":"","meta":{"_et_pb_use_builder":"","_et_pb_old_content":"","_et_gb_content_width":""},"product_cat":[33,30],"product_tag":[],"_links":{"self":[{"href":"https:\/\/marneantic.com\/index.php\/wp-json\/wp\/v2\/product\/26906"}],"collection":[{"href":"https:\/\/marneantic.com\/index.php\/wp-json\/wp\/v2\/product"}],"about":[{"href":"https:\/\/marneantic.com\/index.php\/wp-json\/wp\/v2\/types\/product"}],"replies":[{"embeddable":true,"href":"https:\/\/marneantic.com\/index.php\/wp-json\/wp\/v2\/comments?post=26906"}],"wp:featuredmedia":[{"embeddable":true,"href":"https:\/\/marneantic.com\/index.php\/wp-json\/wp\/v2\/media\/26907"}],"wp:attachment":[{"href":"https:\/\/marneantic.com\/index.php\/wp-json\/wp\/v2\/media?parent=26906"}],"wp:term":[{"taxonomy":"product_cat","embeddable":true,"href":"https:\/\/marneantic.com\/index.php\/wp-json\/wp\/v2\/product_cat?post=26906"},{"taxonomy":"product_tag","embeddable":true,"href":"https:\/\/marneantic.com\/index.php\/wp-json\/wp\/v2\/product_tag?post=26906"}],"curies":[{"name":"wp","href":"https:\/\/api.w.org\/{rel}","templated":true}]}}