{"id":26914,"date":"2025-09-17T15:56:58","date_gmt":"2025-09-17T14:56:58","guid":{"rendered":"https:\/\/marneantic.com\/?post_type=product&#038;p=26914"},"modified":"2025-10-07T11:07:39","modified_gmt":"2025-10-07T10:07:39","slug":"plateau-miroir-ancien-rebord-en-metal-dore","status":"publish","type":"product","link":"https:\/\/marneantic.com\/index.php\/produit\/plateau-miroir-ancien-rebord-en-metal-dore\/","title":{"rendered":"Plateau miroir ancien  &#8211; rebord en m\u00e9tal dor\u00e9"},"content":{"rendered":"","protected":false},"excerpt":{"rendered":"<div><span style=\"font-family: Arial; font-size: large;\">Plateau miroir ancien\u00a0 &#8211; rebord en m\u00e9tal dor\u00e9 a gradins, en tr\u00e8s bon \u00e9tat, le miroir a un aspect laiteux<\/span><\/div>\n<div><span style=\"font-family: Arial; font-size: large;\">diam\u00e8tre: 23.5cm<\/span><\/div>\n<p>&nbsp;<\/p>\n<p>&nbsp;<\/p>\n","protected":false},"featured_media":26915,"comment_status":"closed","ping_status":"closed","template":"","meta":{"_et_pb_use_builder":"","_et_pb_old_content":"","_et_gb_content_width":""},"product_cat":[13,10,16,30],"product_tag":[],"_links":{"self":[{"href":"https:\/\/marneantic.com\/index.php\/wp-json\/wp\/v2\/product\/26914"}],"collection":[{"href":"https:\/\/marneantic.com\/index.php\/wp-json\/wp\/v2\/product"}],"about":[{"href":"https:\/\/marneantic.com\/index.php\/wp-json\/wp\/v2\/types\/product"}],"replies":[{"embeddable":true,"href":"https:\/\/marneantic.com\/index.php\/wp-json\/wp\/v2\/comments?post=26914"}],"wp:featuredmedia":[{"embeddable":true,"href":"https:\/\/marneantic.com\/index.php\/wp-json\/wp\/v2\/media\/26915"}],"wp:attachment":[{"href":"https:\/\/marneantic.com\/index.php\/wp-json\/wp\/v2\/media?parent=26914"}],"wp:term":[{"taxonomy":"product_cat","embeddable":true,"href":"https:\/\/marneantic.com\/index.php\/wp-json\/wp\/v2\/product_cat?post=26914"},{"taxonomy":"product_tag","embeddable":true,"href":"https:\/\/marneantic.com\/index.php\/wp-json\/wp\/v2\/product_tag?post=26914"}],"curies":[{"name":"wp","href":"https:\/\/api.w.org\/{rel}","templated":true}]}}