{"id":26918,"date":"2025-09-18T13:45:46","date_gmt":"2025-09-18T12:45:46","guid":{"rendered":"https:\/\/marneantic.com\/?post_type=product&#038;p=26918"},"modified":"2025-09-18T13:53:41","modified_gmt":"2025-09-18T12:53:41","slug":"drap-ancien-en-coton310x200cm-monogramme","status":"publish","type":"product","link":"https:\/\/marneantic.com\/index.php\/produit\/drap-ancien-en-coton310x200cm-monogramme\/","title":{"rendered":"Drap ancien en coton:310x200cm &#8211; monogramm\u00e9"},"content":{"rendered":"","protected":false},"excerpt":{"rendered":"<p>Drap ancien en coton l\u00e9g\u00e8rement \u00e9cru:310x220cm, monogramm\u00e9 M, en tr\u00e8s bon \u00e9tat, linge lav\u00e9, v\u00e9rifi\u00e9 et repass\u00e9, il peut toujours n\u00e9anmoins subsist\u00e9 quelques taches qui auraient \u00e9chapp\u00e9es a notre nettoyage<\/p>\n","protected":false},"featured_media":26920,"comment_status":"open","ping_status":"closed","template":"","meta":{"_et_pb_use_builder":"","_et_pb_old_content":"","_et_gb_content_width":""},"product_cat":[33],"product_tag":[],"_links":{"self":[{"href":"https:\/\/marneantic.com\/index.php\/wp-json\/wp\/v2\/product\/26918"}],"collection":[{"href":"https:\/\/marneantic.com\/index.php\/wp-json\/wp\/v2\/product"}],"about":[{"href":"https:\/\/marneantic.com\/index.php\/wp-json\/wp\/v2\/types\/product"}],"replies":[{"embeddable":true,"href":"https:\/\/marneantic.com\/index.php\/wp-json\/wp\/v2\/comments?post=26918"}],"wp:featuredmedia":[{"embeddable":true,"href":"https:\/\/marneantic.com\/index.php\/wp-json\/wp\/v2\/media\/26920"}],"wp:attachment":[{"href":"https:\/\/marneantic.com\/index.php\/wp-json\/wp\/v2\/media?parent=26918"}],"wp:term":[{"taxonomy":"product_cat","embeddable":true,"href":"https:\/\/marneantic.com\/index.php\/wp-json\/wp\/v2\/product_cat?post=26918"},{"taxonomy":"product_tag","embeddable":true,"href":"https:\/\/marneantic.com\/index.php\/wp-json\/wp\/v2\/product_tag?post=26918"}],"curies":[{"name":"wp","href":"https:\/\/api.w.org\/{rel}","templated":true}]}}