{"id":26934,"date":"2025-09-19T17:01:30","date_gmt":"2025-09-19T16:01:30","guid":{"rendered":"https:\/\/marneantic.com\/?post_type=product&#038;p=26934"},"modified":"2025-09-27T13:11:04","modified_gmt":"2025-09-27T12:11:04","slug":"lot-de-4-chaises-bistrot-fischel-anciennes","status":"publish","type":"product","link":"https:\/\/marneantic.com\/index.php\/produit\/lot-de-4-chaises-bistrot-fischel-anciennes\/","title":{"rendered":"Lot de 4 chaises bistrot FISCHEL anciennes"},"content":{"rendered":"","protected":false},"excerpt":{"rendered":"<p>Lot de 4 chaises bistrot FISCHEL anciennes , en tr\u00e8s bon \u00e9tat<br \/>\nhauteur dossier:87cm<br \/>\nhauteur assise:46cm<br \/>\nlargeur:38cm<br \/>\nprofondeur:40cm<\/p>\n<p>pas d&rsquo;exp\u00e9dition postale pour cet article, remise en main propre domicile ou livraison possible en r\u00e9gion parisienne(conditions sur demande)<\/p>\n<p>Les produits propos\u00e9s dans notre boutique sont anciens, ils peuvent pr\u00e9sent\u00e9s des traces d\u2019usure, d&rsquo;usage ou rayures qui donnent au produit son caract\u00e8re et son authenticit\u00e9, ils sont pr\u00e9sent\u00e9s au mieux dans la description, \u00e0 travers photos et textes, merci de bien les regarder.<br \/>\nLes livraisons assur\u00e9es par nos soins se feront uniquement le samedi matin pour Paris et la petite couronne<\/p>\n","protected":false},"featured_media":26935,"comment_status":"open","ping_status":"closed","template":"","meta":{"_et_pb_use_builder":"","_et_pb_old_content":"","_et_gb_content_width":""},"product_cat":[31,16,30],"product_tag":[],"_links":{"self":[{"href":"https:\/\/marneantic.com\/index.php\/wp-json\/wp\/v2\/product\/26934"}],"collection":[{"href":"https:\/\/marneantic.com\/index.php\/wp-json\/wp\/v2\/product"}],"about":[{"href":"https:\/\/marneantic.com\/index.php\/wp-json\/wp\/v2\/types\/product"}],"replies":[{"embeddable":true,"href":"https:\/\/marneantic.com\/index.php\/wp-json\/wp\/v2\/comments?post=26934"}],"wp:featuredmedia":[{"embeddable":true,"href":"https:\/\/marneantic.com\/index.php\/wp-json\/wp\/v2\/media\/26935"}],"wp:attachment":[{"href":"https:\/\/marneantic.com\/index.php\/wp-json\/wp\/v2\/media?parent=26934"}],"wp:term":[{"taxonomy":"product_cat","embeddable":true,"href":"https:\/\/marneantic.com\/index.php\/wp-json\/wp\/v2\/product_cat?post=26934"},{"taxonomy":"product_tag","embeddable":true,"href":"https:\/\/marneantic.com\/index.php\/wp-json\/wp\/v2\/product_tag?post=26934"}],"curies":[{"name":"wp","href":"https:\/\/api.w.org\/{rel}","templated":true}]}}