{"id":26986,"date":"2025-09-25T10:10:00","date_gmt":"2025-09-25T09:10:00","guid":{"rendered":"https:\/\/marneantic.com\/?post_type=product&#038;p=26986"},"modified":"2025-10-21T13:02:47","modified_gmt":"2025-10-21T12:02:47","slug":"grande-armoire-dadministration-ancienne-en-chene-3","status":"publish","type":"product","link":"https:\/\/marneantic.com\/index.php\/produit\/grande-armoire-dadministration-ancienne-en-chene-3\/","title":{"rendered":"Grande armoire d&rsquo;administration ancienne en ch\u00eane"},"content":{"rendered":"","protected":false},"excerpt":{"rendered":"<p>Grande armoire d&rsquo;administration vitr\u00e9e ancienne en ch\u00eane, 4 portes, en bon \u00e9tat, traces d&rsquo;usages, elle sera enti\u00e8rement d\u00e9mont\u00e9e pour le transport<br \/>\nhauteur:210cm<br \/>\nlargeur:250cm<br \/>\nprofondeur:44cm<\/p>\n<p>pas d&rsquo;exp\u00e9dition pour cet article, livraison possible en r\u00e9gion parisienne, conditions sur demande<br \/>\nLes produits propos\u00e9s dans notre boutique sont anciens, ils peuvent pr\u00e9sent\u00e9s des traces d\u2019usure, d&rsquo;usage ou rayures qui donnent au produit son caract\u00e8re et son authenticit\u00e9, ils sont pr\u00e9sent\u00e9s au mieux dans la description, \u00e0 travers photos et textes, merci de bien les regarder.<br \/>\ncette armoire en cas de livraison sera d\u00e9mont\u00e9e<\/p>\n","protected":false},"featured_media":26988,"comment_status":"open","ping_status":"closed","template":"","meta":{"_et_pb_use_builder":"","_et_pb_old_content":"","_et_gb_content_width":""},"product_cat":[31,16,30],"product_tag":[],"_links":{"self":[{"href":"https:\/\/marneantic.com\/index.php\/wp-json\/wp\/v2\/product\/26986"}],"collection":[{"href":"https:\/\/marneantic.com\/index.php\/wp-json\/wp\/v2\/product"}],"about":[{"href":"https:\/\/marneantic.com\/index.php\/wp-json\/wp\/v2\/types\/product"}],"replies":[{"embeddable":true,"href":"https:\/\/marneantic.com\/index.php\/wp-json\/wp\/v2\/comments?post=26986"}],"wp:featuredmedia":[{"embeddable":true,"href":"https:\/\/marneantic.com\/index.php\/wp-json\/wp\/v2\/media\/26988"}],"wp:attachment":[{"href":"https:\/\/marneantic.com\/index.php\/wp-json\/wp\/v2\/media?parent=26986"}],"wp:term":[{"taxonomy":"product_cat","embeddable":true,"href":"https:\/\/marneantic.com\/index.php\/wp-json\/wp\/v2\/product_cat?post=26986"},{"taxonomy":"product_tag","embeddable":true,"href":"https:\/\/marneantic.com\/index.php\/wp-json\/wp\/v2\/product_tag?post=26986"}],"curies":[{"name":"wp","href":"https:\/\/api.w.org\/{rel}","templated":true}]}}