{"id":26993,"date":"2025-09-25T13:34:27","date_gmt":"2025-09-25T12:34:27","guid":{"rendered":"https:\/\/marneantic.com\/?post_type=product&#038;p=26993"},"modified":"2025-09-25T13:51:26","modified_gmt":"2025-09-25T12:51:26","slug":"tasse-a-cafe-ancienne-en-porcelaine-de-limoges-15","status":"publish","type":"product","link":"https:\/\/marneantic.com\/index.php\/produit\/tasse-a-cafe-ancienne-en-porcelaine-de-limoges-15\/","title":{"rendered":"Tasse a caf\u00e9 ancienne en porcelaine de Limoges"},"content":{"rendered":"","protected":false},"excerpt":{"rendered":"<p>Tasse a caf\u00e9 ancienne en porcelaine de Limoges, en tr\u00e8s bon \u00e9tat, tasse hauteur:4cm,diametre:8.8cm,diam\u00e8tre soucoupe:13cm<\/p>\n","protected":false},"featured_media":26994,"comment_status":"closed","ping_status":"closed","template":"","meta":{"_et_pb_use_builder":"","_et_pb_old_content":"","_et_gb_content_width":""},"product_cat":[26,7],"product_tag":[],"_links":{"self":[{"href":"https:\/\/marneantic.com\/index.php\/wp-json\/wp\/v2\/product\/26993"}],"collection":[{"href":"https:\/\/marneantic.com\/index.php\/wp-json\/wp\/v2\/product"}],"about":[{"href":"https:\/\/marneantic.com\/index.php\/wp-json\/wp\/v2\/types\/product"}],"replies":[{"embeddable":true,"href":"https:\/\/marneantic.com\/index.php\/wp-json\/wp\/v2\/comments?post=26993"}],"wp:featuredmedia":[{"embeddable":true,"href":"https:\/\/marneantic.com\/index.php\/wp-json\/wp\/v2\/media\/26994"}],"wp:attachment":[{"href":"https:\/\/marneantic.com\/index.php\/wp-json\/wp\/v2\/media?parent=26993"}],"wp:term":[{"taxonomy":"product_cat","embeddable":true,"href":"https:\/\/marneantic.com\/index.php\/wp-json\/wp\/v2\/product_cat?post=26993"},{"taxonomy":"product_tag","embeddable":true,"href":"https:\/\/marneantic.com\/index.php\/wp-json\/wp\/v2\/product_tag?post=26993"}],"curies":[{"name":"wp","href":"https:\/\/api.w.org\/{rel}","templated":true}]}}