{"id":26998,"date":"2025-09-25T13:45:11","date_gmt":"2025-09-25T12:45:11","guid":{"rendered":"https:\/\/marneantic.com\/?post_type=product&#038;p=26998"},"modified":"2025-11-08T09:56:23","modified_gmt":"2025-11-08T08:56:23","slug":"cendrier-ancien-en-faience-de-desvres-ou-rouen-blason-le-croisic","status":"publish","type":"product","link":"https:\/\/marneantic.com\/index.php\/produit\/cendrier-ancien-en-faience-de-desvres-ou-rouen-blason-le-croisic\/","title":{"rendered":"Cendrier ancien en fa\u00efence de Desvres ou Rouen &#8211; blason Le Croisic"},"content":{"rendered":"","protected":false},"excerpt":{"rendered":"<div>\n<p><b>Cendrier ancien en fa\u00efence de Desvres ou Rouen &#8211; blason Le Croisic, en tr\u00e8s bon \u00e9tat<\/b><\/p>\n<div><strong>dimensions: 11.2&#215;8.3cm<\/strong><\/div>\n<\/div>\n<div><\/div>\n","protected":false},"featured_media":26999,"comment_status":"open","ping_status":"closed","template":"","meta":{"_et_pb_use_builder":"","_et_pb_old_content":"","_et_gb_content_width":""},"product_cat":[8,16,30],"product_tag":[],"_links":{"self":[{"href":"https:\/\/marneantic.com\/index.php\/wp-json\/wp\/v2\/product\/26998"}],"collection":[{"href":"https:\/\/marneantic.com\/index.php\/wp-json\/wp\/v2\/product"}],"about":[{"href":"https:\/\/marneantic.com\/index.php\/wp-json\/wp\/v2\/types\/product"}],"replies":[{"embeddable":true,"href":"https:\/\/marneantic.com\/index.php\/wp-json\/wp\/v2\/comments?post=26998"}],"wp:featuredmedia":[{"embeddable":true,"href":"https:\/\/marneantic.com\/index.php\/wp-json\/wp\/v2\/media\/26999"}],"wp:attachment":[{"href":"https:\/\/marneantic.com\/index.php\/wp-json\/wp\/v2\/media?parent=26998"}],"wp:term":[{"taxonomy":"product_cat","embeddable":true,"href":"https:\/\/marneantic.com\/index.php\/wp-json\/wp\/v2\/product_cat?post=26998"},{"taxonomy":"product_tag","embeddable":true,"href":"https:\/\/marneantic.com\/index.php\/wp-json\/wp\/v2\/product_tag?post=26998"}],"curies":[{"name":"wp","href":"https:\/\/api.w.org\/{rel}","templated":true}]}}