{"id":27026,"date":"2025-09-30T13:37:44","date_gmt":"2025-09-30T12:37:44","guid":{"rendered":"https:\/\/marneantic.com\/?post_type=product&#038;p=27026"},"modified":"2025-09-30T13:37:44","modified_gmt":"2025-09-30T12:37:44","slug":"mappemonde-taride-annees-60-en-tole","status":"publish","type":"product","link":"https:\/\/marneantic.com\/index.php\/produit\/mappemonde-taride-annees-60-en-tole\/","title":{"rendered":"Mappemonde Taride ann\u00e9es 60&prime; en tole"},"content":{"rendered":"","protected":false},"excerpt":{"rendered":"<p>Mappemonde Taride ann\u00e9es 60&prime; en tole et pieds m\u00e9tal, bon \u00e9tat, pr\u00e9sence de bosses, diam\u00e8tre: 20cm, hauteur avec pieds: 25cm<\/p>\n<p>&nbsp;<\/p>\n","protected":false},"featured_media":27028,"comment_status":"open","ping_status":"closed","template":"","meta":{"_et_pb_use_builder":"","_et_pb_old_content":"","_et_gb_content_width":""},"product_cat":[8,16],"product_tag":[],"_links":{"self":[{"href":"https:\/\/marneantic.com\/index.php\/wp-json\/wp\/v2\/product\/27026"}],"collection":[{"href":"https:\/\/marneantic.com\/index.php\/wp-json\/wp\/v2\/product"}],"about":[{"href":"https:\/\/marneantic.com\/index.php\/wp-json\/wp\/v2\/types\/product"}],"replies":[{"embeddable":true,"href":"https:\/\/marneantic.com\/index.php\/wp-json\/wp\/v2\/comments?post=27026"}],"wp:featuredmedia":[{"embeddable":true,"href":"https:\/\/marneantic.com\/index.php\/wp-json\/wp\/v2\/media\/27028"}],"wp:attachment":[{"href":"https:\/\/marneantic.com\/index.php\/wp-json\/wp\/v2\/media?parent=27026"}],"wp:term":[{"taxonomy":"product_cat","embeddable":true,"href":"https:\/\/marneantic.com\/index.php\/wp-json\/wp\/v2\/product_cat?post=27026"},{"taxonomy":"product_tag","embeddable":true,"href":"https:\/\/marneantic.com\/index.php\/wp-json\/wp\/v2\/product_tag?post=27026"}],"curies":[{"name":"wp","href":"https:\/\/api.w.org\/{rel}","templated":true}]}}