{"id":27031,"date":"2025-09-30T14:11:25","date_gmt":"2025-09-30T13:11:25","guid":{"rendered":"https:\/\/marneantic.com\/?post_type=product&#038;p=27031"},"modified":"2025-10-01T11:00:41","modified_gmt":"2025-10-01T10:00:41","slug":"porte-photo-art-deco-en-metal-chrome","status":"publish","type":"product","link":"https:\/\/marneantic.com\/index.php\/produit\/porte-photo-art-deco-en-metal-chrome\/","title":{"rendered":"Porte-photo art-d\u00e9co en m\u00e9tal chrom\u00e9"},"content":{"rendered":"","protected":false},"excerpt":{"rendered":"<p><span style=\"font-size: large;\">Porte-photo art-d\u00e9co en m\u00e9tal chrom\u00e9, en bon \u00e9tat, sans verre<\/span><\/p>\n<div><span style=\"font-size: large;\">dimension socle:13.2&#215;4.5cm, hauteur: 9cm<\/span><\/div>\n<div><span style=\"font-family: Arial; font-size: large;\">\u00e9cartement verres:9cm<\/span><\/div>\n","protected":false},"featured_media":27032,"comment_status":"open","ping_status":"closed","template":"","meta":{"_et_pb_use_builder":"","_et_pb_old_content":"","_et_gb_content_width":""},"product_cat":[44,8,30],"product_tag":[],"_links":{"self":[{"href":"https:\/\/marneantic.com\/index.php\/wp-json\/wp\/v2\/product\/27031"}],"collection":[{"href":"https:\/\/marneantic.com\/index.php\/wp-json\/wp\/v2\/product"}],"about":[{"href":"https:\/\/marneantic.com\/index.php\/wp-json\/wp\/v2\/types\/product"}],"replies":[{"embeddable":true,"href":"https:\/\/marneantic.com\/index.php\/wp-json\/wp\/v2\/comments?post=27031"}],"wp:featuredmedia":[{"embeddable":true,"href":"https:\/\/marneantic.com\/index.php\/wp-json\/wp\/v2\/media\/27032"}],"wp:attachment":[{"href":"https:\/\/marneantic.com\/index.php\/wp-json\/wp\/v2\/media?parent=27031"}],"wp:term":[{"taxonomy":"product_cat","embeddable":true,"href":"https:\/\/marneantic.com\/index.php\/wp-json\/wp\/v2\/product_cat?post=27031"},{"taxonomy":"product_tag","embeddable":true,"href":"https:\/\/marneantic.com\/index.php\/wp-json\/wp\/v2\/product_tag?post=27031"}],"curies":[{"name":"wp","href":"https:\/\/api.w.org\/{rel}","templated":true}]}}