{"id":27063,"date":"2025-10-08T14:50:39","date_gmt":"2025-10-08T13:50:39","guid":{"rendered":"https:\/\/marneantic.com\/?post_type=product&#038;p=27063"},"modified":"2025-10-08T14:59:00","modified_gmt":"2025-10-08T13:59:00","slug":"grand-plat-en-porcelaine-de-limoges-bernardaud-modele-brindilles","status":"publish","type":"product","link":"https:\/\/marneantic.com\/index.php\/produit\/grand-plat-en-porcelaine-de-limoges-bernardaud-modele-brindilles\/","title":{"rendered":"Grand plat en porcelaine de Limoges, Bernardaud, mod\u00e8le brindilles"},"content":{"rendered":"","protected":false},"excerpt":{"rendered":"<p>Grand plat en porcelaine de Limoges, manufacture Bernardaud, mod\u00e8le brindilles, en tr\u00e8s bon \u00e9tat, longueur:57.5cm,largeur:22.8cm,hauteur:5.7cm<\/p>\n","protected":false},"featured_media":27067,"comment_status":"closed","ping_status":"closed","template":"","meta":{"_et_pb_use_builder":"","_et_pb_old_content":"","_et_gb_content_width":""},"product_cat":[28,7],"product_tag":[],"_links":{"self":[{"href":"https:\/\/marneantic.com\/index.php\/wp-json\/wp\/v2\/product\/27063"}],"collection":[{"href":"https:\/\/marneantic.com\/index.php\/wp-json\/wp\/v2\/product"}],"about":[{"href":"https:\/\/marneantic.com\/index.php\/wp-json\/wp\/v2\/types\/product"}],"replies":[{"embeddable":true,"href":"https:\/\/marneantic.com\/index.php\/wp-json\/wp\/v2\/comments?post=27063"}],"wp:featuredmedia":[{"embeddable":true,"href":"https:\/\/marneantic.com\/index.php\/wp-json\/wp\/v2\/media\/27067"}],"wp:attachment":[{"href":"https:\/\/marneantic.com\/index.php\/wp-json\/wp\/v2\/media?parent=27063"}],"wp:term":[{"taxonomy":"product_cat","embeddable":true,"href":"https:\/\/marneantic.com\/index.php\/wp-json\/wp\/v2\/product_cat?post=27063"},{"taxonomy":"product_tag","embeddable":true,"href":"https:\/\/marneantic.com\/index.php\/wp-json\/wp\/v2\/product_tag?post=27063"}],"curies":[{"name":"wp","href":"https:\/\/api.w.org\/{rel}","templated":true}]}}