{"id":27078,"date":"2025-10-09T14:45:13","date_gmt":"2025-10-09T13:45:13","guid":{"rendered":"https:\/\/marneantic.com\/?post_type=product&#038;p=27078"},"modified":"2026-01-14T19:08:46","modified_gmt":"2026-01-14T18:08:46","slug":"pince-a-sucre-vintage-en-metal-argente","status":"publish","type":"product","link":"https:\/\/marneantic.com\/index.php\/produit\/pince-a-sucre-vintage-en-metal-argente\/","title":{"rendered":"Pince a sucre vintage en m\u00e9tal argent\u00e9"},"content":{"rendered":"","protected":false},"excerpt":{"rendered":"<p>Pince a sucre vintage en m\u00e9tal argent\u00e9, en bon \u00e9tat ,longueur: 12.4cm<\/p>\n","protected":false},"featured_media":27079,"comment_status":"closed","ping_status":"closed","template":"","meta":{"_et_pb_use_builder":"","_et_pb_old_content":"","_et_gb_content_width":""},"product_cat":[12,10,29,30],"product_tag":[],"_links":{"self":[{"href":"https:\/\/marneantic.com\/index.php\/wp-json\/wp\/v2\/product\/27078"}],"collection":[{"href":"https:\/\/marneantic.com\/index.php\/wp-json\/wp\/v2\/product"}],"about":[{"href":"https:\/\/marneantic.com\/index.php\/wp-json\/wp\/v2\/types\/product"}],"replies":[{"embeddable":true,"href":"https:\/\/marneantic.com\/index.php\/wp-json\/wp\/v2\/comments?post=27078"}],"wp:featuredmedia":[{"embeddable":true,"href":"https:\/\/marneantic.com\/index.php\/wp-json\/wp\/v2\/media\/27079"}],"wp:attachment":[{"href":"https:\/\/marneantic.com\/index.php\/wp-json\/wp\/v2\/media?parent=27078"}],"wp:term":[{"taxonomy":"product_cat","embeddable":true,"href":"https:\/\/marneantic.com\/index.php\/wp-json\/wp\/v2\/product_cat?post=27078"},{"taxonomy":"product_tag","embeddable":true,"href":"https:\/\/marneantic.com\/index.php\/wp-json\/wp\/v2\/product_tag?post=27078"}],"curies":[{"name":"wp","href":"https:\/\/api.w.org\/{rel}","templated":true}]}}