{"id":27086,"date":"2025-10-10T13:34:00","date_gmt":"2025-10-10T12:34:00","guid":{"rendered":"https:\/\/marneantic.com\/?post_type=product&#038;p=27086"},"modified":"2026-01-27T18:27:41","modified_gmt":"2026-01-27T17:27:41","slug":"12-grandes-cuilleres-anciennes-en-metal-argente-6","status":"publish","type":"product","link":"https:\/\/marneantic.com\/index.php\/produit\/12-grandes-cuilleres-anciennes-en-metal-argente-6\/","title":{"rendered":"12 grandes cuill\u00e8res anciennes en m\u00e9tal argent\u00e9"},"content":{"rendered":"","protected":false},"excerpt":{"rendered":"<p><strong>12 grandes cuill\u00e8res anciennes en m\u00e9tal argent\u00e9, orf\u00e8vrerie Frionnet Fran\u00e7ois, en tr\u00e8s bon \u00e9tat,longueur:20.5cm<\/strong><\/p>\n","protected":false},"featured_media":27087,"comment_status":"closed","ping_status":"closed","template":"","meta":{"_et_pb_use_builder":"","_et_pb_old_content":"","_et_gb_content_width":""},"product_cat":[12,10,29,30],"product_tag":[],"_links":{"self":[{"href":"https:\/\/marneantic.com\/index.php\/wp-json\/wp\/v2\/product\/27086"}],"collection":[{"href":"https:\/\/marneantic.com\/index.php\/wp-json\/wp\/v2\/product"}],"about":[{"href":"https:\/\/marneantic.com\/index.php\/wp-json\/wp\/v2\/types\/product"}],"replies":[{"embeddable":true,"href":"https:\/\/marneantic.com\/index.php\/wp-json\/wp\/v2\/comments?post=27086"}],"wp:featuredmedia":[{"embeddable":true,"href":"https:\/\/marneantic.com\/index.php\/wp-json\/wp\/v2\/media\/27087"}],"wp:attachment":[{"href":"https:\/\/marneantic.com\/index.php\/wp-json\/wp\/v2\/media?parent=27086"}],"wp:term":[{"taxonomy":"product_cat","embeddable":true,"href":"https:\/\/marneantic.com\/index.php\/wp-json\/wp\/v2\/product_cat?post=27086"},{"taxonomy":"product_tag","embeddable":true,"href":"https:\/\/marneantic.com\/index.php\/wp-json\/wp\/v2\/product_tag?post=27086"}],"curies":[{"name":"wp","href":"https:\/\/api.w.org\/{rel}","templated":true}]}}