{"id":27104,"date":"2025-10-14T13:47:34","date_gmt":"2025-10-14T12:47:34","guid":{"rendered":"https:\/\/marneantic.com\/?post_type=product&#038;p=27104"},"modified":"2025-12-01T11:42:00","modified_gmt":"2025-12-01T10:42:00","slug":"12-petites-cuilleres-anciennes-en-metal-argente-4","status":"publish","type":"product","link":"https:\/\/marneantic.com\/index.php\/produit\/12-petites-cuilleres-anciennes-en-metal-argente-4\/","title":{"rendered":"12 petites cuill\u00e8res anciennes en m\u00e9tal argent\u00e9"},"content":{"rendered":"","protected":false},"excerpt":{"rendered":"<p><strong>12 petites cuill\u00e8res anciennes en m\u00e9tal argent\u00e9, orf\u00e8vrerie Frionnet Fran\u00e7ois, en tr\u00e8s bon \u00e9tat,longueur:14cm, l&rsquo;\u00e9crin n&rsquo;est pas d&rsquo;origine<\/strong><\/p>\n","protected":false},"featured_media":27106,"comment_status":"closed","ping_status":"closed","template":"","meta":{"_et_pb_use_builder":"","_et_pb_old_content":"","_et_gb_content_width":""},"product_cat":[12,10,29,30],"product_tag":[],"_links":{"self":[{"href":"https:\/\/marneantic.com\/index.php\/wp-json\/wp\/v2\/product\/27104"}],"collection":[{"href":"https:\/\/marneantic.com\/index.php\/wp-json\/wp\/v2\/product"}],"about":[{"href":"https:\/\/marneantic.com\/index.php\/wp-json\/wp\/v2\/types\/product"}],"replies":[{"embeddable":true,"href":"https:\/\/marneantic.com\/index.php\/wp-json\/wp\/v2\/comments?post=27104"}],"wp:featuredmedia":[{"embeddable":true,"href":"https:\/\/marneantic.com\/index.php\/wp-json\/wp\/v2\/media\/27106"}],"wp:attachment":[{"href":"https:\/\/marneantic.com\/index.php\/wp-json\/wp\/v2\/media?parent=27104"}],"wp:term":[{"taxonomy":"product_cat","embeddable":true,"href":"https:\/\/marneantic.com\/index.php\/wp-json\/wp\/v2\/product_cat?post=27104"},{"taxonomy":"product_tag","embeddable":true,"href":"https:\/\/marneantic.com\/index.php\/wp-json\/wp\/v2\/product_tag?post=27104"}],"curies":[{"name":"wp","href":"https:\/\/api.w.org\/{rel}","templated":true}]}}